{"id":401803,"date":"2026-04-02T16:51:55","date_gmt":"2026-04-02T14:51:55","guid":{"rendered":"https:\/\/maisoncleo.com\/?post_type=product&#038;p=401803"},"modified":"2026-05-07T16:54:16","modified_gmt":"2026-05-07T14:54:16","slug":"runway-look-9-bijou-doreille-ear-cuff-en-argent-avec-pendentif-coeur-bleu-fonce-swarovski-copie","status":"publish","type":"product","link":"https:\/\/maisoncleo.com\/fr\/shop\/runway-look-9-bijou-doreille-ear-cuff-en-argent-avec-pendentif-coeur-bleu-fonce-swarovski-copie\/","title":{"rendered":"READY-TO-SHIP &#8211; Bijou d&rsquo;oreille ear cuff en argent avec pendentif coeur bleu fonc\u00e9 Swarovski"},"content":{"rendered":"<p>Bijou d&rsquo;oreille ear cuff en argent avec pendentif coeur bleu fonc\u00e9 Swarovski. Fabriqu\u00e9 \u00e0 la main en France. Pi\u00e8ce exclusive faite pour notre premier d\u00e9fil\u00e9 \u00ab\u00a0Premi\u00e8re Fois\u00a0\u00bb.<\/p>\n<p>Pas de syst\u00e8me de fermeture, posez la simplement sur votre oreille. Notre must-have de l&rsquo;\u00e9t\u00e9 \u00e0 porter avec toutes vos tenues! &lt;3<\/p>\n<p>Issu de notre d\u00e9fil\u00e9.<\/p>\n","protected":false},"excerpt":{"rendered":"<p>Bijou d&rsquo;oreille ear cuff en argent avec pendentif coeur bleu fonc\u00e9 Swarovski. Fabriqu\u00e9 \u00e0 la main en France. Pi\u00e8ce exclusive faite pour&hellip;<\/p>\n","protected":false},"featured_media":343033,"template":"","meta":[],"product_brand":[],"product_cat":[913],"product_tag":[],"class_list":{"0":"post-401803","1":"product","2":"type-product","3":"status-publish","4":"has-post-thumbnail","6":"product_cat-ready-to-ship","8":"first","9":"instock","10":"taxable","11":"shipping-taxable","12":"purchasable","13":"product-type-variable"},"_links":{"self":[{"href":"https:\/\/maisoncleo.com\/fr\/wp-json\/wp\/v2\/product\/401803","targetHints":{"allow":["GET"]}}],"collection":[{"href":"https:\/\/maisoncleo.com\/fr\/wp-json\/wp\/v2\/product"}],"about":[{"href":"https:\/\/maisoncleo.com\/fr\/wp-json\/wp\/v2\/types\/product"}],"version-history":[{"count":2,"href":"https:\/\/maisoncleo.com\/fr\/wp-json\/wp\/v2\/product\/401803\/revisions"}],"predecessor-version":[{"id":401809,"href":"https:\/\/maisoncleo.com\/fr\/wp-json\/wp\/v2\/product\/401803\/revisions\/401809"}],"wp:featuredmedia":[{"embeddable":true,"href":"https:\/\/maisoncleo.com\/fr\/wp-json\/wp\/v2\/media\/343033"}],"wp:attachment":[{"href":"https:\/\/maisoncleo.com\/fr\/wp-json\/wp\/v2\/media?parent=401803"}],"wp:term":[{"taxonomy":"product_brand","embeddable":true,"href":"https:\/\/maisoncleo.com\/fr\/wp-json\/wp\/v2\/product_brand?post=401803"},{"taxonomy":"product_cat","embeddable":true,"href":"https:\/\/maisoncleo.com\/fr\/wp-json\/wp\/v2\/product_cat?post=401803"},{"taxonomy":"product_tag","embeddable":true,"href":"https:\/\/maisoncleo.com\/fr\/wp-json\/wp\/v2\/product_tag?post=401803"}],"curies":[{"name":"wp","href":"https:\/\/api.w.org\/{rel}","templated":true}]}}