{"id":401790,"date":"2026-04-02T16:47:31","date_gmt":"2026-04-02T14:47:31","guid":{"rendered":"https:\/\/maisoncleo.com\/?post_type=product&#038;p=401790"},"modified":"2026-05-07T16:50:16","modified_gmt":"2026-05-07T14:50:16","slug":"top-tricote-ajustable-style-crochet-kennah-copie","status":"publish","type":"product","link":"https:\/\/maisoncleo.com\/fr\/shop\/top-tricote-ajustable-style-crochet-kennah-copie\/","title":{"rendered":"READY-TO-SHIP &#8211; Top tricot\u00e9 ajustable style crochet KENNAH"},"content":{"rendered":"<p>Robe tricot\u00e9e style crochet en coton. 5 boutons sur le haut de la robe pour fermer les bretelles o\u00f9 vous le souhaitez. Sur les premi\u00e8res photos les bretelles sont toutes les deux mises sur le bouton du milieu. Fabriqu\u00e9e dans un 100% coton organique. C&rsquo;est la robe Kennah en version top.<\/p>\n<p>La mod\u00e8le mesure 1m70.<\/p>\n","protected":false},"excerpt":{"rendered":"<p>Robe tricot\u00e9e style crochet en coton. 5 boutons sur le haut de la robe pour fermer les bretelles o\u00f9 vous le souhaitez.&hellip;<\/p>\n","protected":false},"featured_media":339448,"template":"","meta":[],"product_brand":[],"product_cat":[913],"product_tag":[],"class_list":{"0":"post-401790","1":"product","2":"type-product","3":"status-publish","4":"has-post-thumbnail","6":"product_cat-ready-to-ship","8":"first","9":"instock","10":"taxable","11":"shipping-taxable","12":"purchasable","13":"product-type-variable"},"_links":{"self":[{"href":"https:\/\/maisoncleo.com\/fr\/wp-json\/wp\/v2\/product\/401790","targetHints":{"allow":["GET"]}}],"collection":[{"href":"https:\/\/maisoncleo.com\/fr\/wp-json\/wp\/v2\/product"}],"about":[{"href":"https:\/\/maisoncleo.com\/fr\/wp-json\/wp\/v2\/types\/product"}],"version-history":[{"count":2,"href":"https:\/\/maisoncleo.com\/fr\/wp-json\/wp\/v2\/product\/401790\/revisions"}],"predecessor-version":[{"id":401800,"href":"https:\/\/maisoncleo.com\/fr\/wp-json\/wp\/v2\/product\/401790\/revisions\/401800"}],"wp:featuredmedia":[{"embeddable":true,"href":"https:\/\/maisoncleo.com\/fr\/wp-json\/wp\/v2\/media\/339448"}],"wp:attachment":[{"href":"https:\/\/maisoncleo.com\/fr\/wp-json\/wp\/v2\/media?parent=401790"}],"wp:term":[{"taxonomy":"product_brand","embeddable":true,"href":"https:\/\/maisoncleo.com\/fr\/wp-json\/wp\/v2\/product_brand?post=401790"},{"taxonomy":"product_cat","embeddable":true,"href":"https:\/\/maisoncleo.com\/fr\/wp-json\/wp\/v2\/product_cat?post=401790"},{"taxonomy":"product_tag","embeddable":true,"href":"https:\/\/maisoncleo.com\/fr\/wp-json\/wp\/v2\/product_tag?post=401790"}],"curies":[{"name":"wp","href":"https:\/\/api.w.org\/{rel}","templated":true}]}}