{"id":401751,"date":"2026-04-02T16:19:54","date_gmt":"2026-04-02T14:19:54","guid":{"rendered":"https:\/\/maisoncleo.com\/?post_type=product&#038;p=401751"},"modified":"2026-05-07T16:30:56","modified_gmt":"2026-05-07T14:30:56","slug":"fw22-runway-look-27-robe-col-roule-mi-longue-tricotee-noir-boutonnee-carmen-copie","status":"publish","type":"product","link":"https:\/\/maisoncleo.com\/fr\/shop\/fw22-runway-look-27-robe-col-roule-mi-longue-tricotee-noir-boutonnee-carmen-copie\/","title":{"rendered":"READY-TO-SHIP &#8211; Robe col roul\u00e9 mi-longue tricot\u00e9e noir boutonn\u00e9e CARMEN"},"content":{"rendered":"<p>Robe col roul\u00e9 mi-longue tricot\u00e9e noire.<\/p>\n<p>Mi longue, sans manches, moulante. Fente sur le c\u00f4t\u00e9 droit, fermeture par petits boutons . Tous les boutons peuvent se fermer.<\/p>\n<p>Tricot\u00e9 avec un fil tr\u00e8s doux m\u00e9lange cachemire et coton.<\/p>\n<p>La mod\u00e8le mesure 172 cm et porte une taille S-36.<\/p>\n<p>&nbsp;<\/p>\n","protected":false},"excerpt":{"rendered":"<p>Robe col roul\u00e9 mi-longue tricot\u00e9e noire. Mi longue, sans manches, moulante. Fente sur le c\u00f4t\u00e9 droit, fermeture par petits boutons . Tous&hellip;<\/p>\n","protected":false},"featured_media":345893,"template":"","meta":[],"product_brand":[],"product_cat":[913],"product_tag":[],"class_list":{"0":"post-401751","1":"product","2":"type-product","3":"status-publish","4":"has-post-thumbnail","6":"product_cat-ready-to-ship","8":"first","9":"instock","10":"taxable","11":"shipping-taxable","12":"purchasable","13":"product-type-variable"},"_links":{"self":[{"href":"https:\/\/maisoncleo.com\/fr\/wp-json\/wp\/v2\/product\/401751","targetHints":{"allow":["GET"]}}],"collection":[{"href":"https:\/\/maisoncleo.com\/fr\/wp-json\/wp\/v2\/product"}],"about":[{"href":"https:\/\/maisoncleo.com\/fr\/wp-json\/wp\/v2\/types\/product"}],"version-history":[{"count":2,"href":"https:\/\/maisoncleo.com\/fr\/wp-json\/wp\/v2\/product\/401751\/revisions"}],"predecessor-version":[{"id":401761,"href":"https:\/\/maisoncleo.com\/fr\/wp-json\/wp\/v2\/product\/401751\/revisions\/401761"}],"wp:featuredmedia":[{"embeddable":true,"href":"https:\/\/maisoncleo.com\/fr\/wp-json\/wp\/v2\/media\/345893"}],"wp:attachment":[{"href":"https:\/\/maisoncleo.com\/fr\/wp-json\/wp\/v2\/media?parent=401751"}],"wp:term":[{"taxonomy":"product_brand","embeddable":true,"href":"https:\/\/maisoncleo.com\/fr\/wp-json\/wp\/v2\/product_brand?post=401751"},{"taxonomy":"product_cat","embeddable":true,"href":"https:\/\/maisoncleo.com\/fr\/wp-json\/wp\/v2\/product_cat?post=401751"},{"taxonomy":"product_tag","embeddable":true,"href":"https:\/\/maisoncleo.com\/fr\/wp-json\/wp\/v2\/product_tag?post=401751"}],"curies":[{"name":"wp","href":"https:\/\/api.w.org\/{rel}","templated":true}]}}