{"id":401733,"date":"2026-04-02T16:15:28","date_gmt":"2026-04-02T14:15:28","guid":{"rendered":"https:\/\/maisoncleo.com\/?post_type=product&#038;p=401733"},"modified":"2026-05-07T16:18:03","modified_gmt":"2026-05-07T14:18:03","slug":"mini-jupe-plissee-en-tweed-ecru-miranda-copie","status":"publish","type":"product","link":"https:\/\/maisoncleo.com\/fr\/shop\/mini-jupe-plissee-en-tweed-ecru-miranda-copie\/","title":{"rendered":"READY-TO-SHIP &#8211; Mini jupe pliss\u00e9e en tweed \u00e9cru MIRANDA"},"content":{"rendered":"<p>Mini jupe pliss\u00e9e en tweed \u00e9cru.<\/p>\n<p>Coupe \u00e9vas\u00e9e. Fermeture \u00e9clair sur le c\u00f4t\u00e9. Non doubl\u00e9e. 100% tweed \u00e9cru. Composition exacte : 77% viscose, 9% coton, 8% polyamide, 6% soie.<\/p>\n<p>Le tissu provient d&rsquo;une maison de Haute Couture fran\u00e7aise.<\/p>\n<p>Longueur devant \u00e0 plat: 33 cm.<\/p>\n<p>La mod\u00e8le mesure 1m75 et porte une taille S-36.<\/p>\n","protected":false},"excerpt":{"rendered":"<p>Mini jupe pliss\u00e9e en tweed \u00e9cru. Coupe \u00e9vas\u00e9e. Fermeture \u00e9clair sur le c\u00f4t\u00e9. Non doubl\u00e9e. 100% tweed \u00e9cru. Composition exacte : 77%&hellip;<\/p>\n","protected":false},"featured_media":347054,"template":"","meta":[],"product_brand":[],"product_cat":[913],"product_tag":[],"class_list":{"0":"post-401733","1":"product","2":"type-product","3":"status-publish","4":"has-post-thumbnail","6":"product_cat-ready-to-ship","8":"first","9":"instock","10":"taxable","11":"shipping-taxable","12":"purchasable","13":"product-type-variable"},"_links":{"self":[{"href":"https:\/\/maisoncleo.com\/fr\/wp-json\/wp\/v2\/product\/401733","targetHints":{"allow":["GET"]}}],"collection":[{"href":"https:\/\/maisoncleo.com\/fr\/wp-json\/wp\/v2\/product"}],"about":[{"href":"https:\/\/maisoncleo.com\/fr\/wp-json\/wp\/v2\/types\/product"}],"version-history":[{"count":2,"href":"https:\/\/maisoncleo.com\/fr\/wp-json\/wp\/v2\/product\/401733\/revisions"}],"predecessor-version":[{"id":401743,"href":"https:\/\/maisoncleo.com\/fr\/wp-json\/wp\/v2\/product\/401733\/revisions\/401743"}],"wp:featuredmedia":[{"embeddable":true,"href":"https:\/\/maisoncleo.com\/fr\/wp-json\/wp\/v2\/media\/347054"}],"wp:attachment":[{"href":"https:\/\/maisoncleo.com\/fr\/wp-json\/wp\/v2\/media?parent=401733"}],"wp:term":[{"taxonomy":"product_brand","embeddable":true,"href":"https:\/\/maisoncleo.com\/fr\/wp-json\/wp\/v2\/product_brand?post=401733"},{"taxonomy":"product_cat","embeddable":true,"href":"https:\/\/maisoncleo.com\/fr\/wp-json\/wp\/v2\/product_cat?post=401733"},{"taxonomy":"product_tag","embeddable":true,"href":"https:\/\/maisoncleo.com\/fr\/wp-json\/wp\/v2\/product_tag?post=401733"}],"curies":[{"name":"wp","href":"https:\/\/api.w.org\/{rel}","templated":true}]}}