{"id":401697,"date":"2026-04-02T15:59:10","date_gmt":"2026-04-02T13:59:10","guid":{"rendered":"https:\/\/maisoncleo.com\/?post_type=product&#038;p=401697"},"modified":"2026-05-07T16:05:55","modified_gmt":"2026-05-07T14:05:55","slug":"top-louisette-en-dentelle-de-calais-fleurie-et-soie-copie","status":"publish","type":"product","link":"https:\/\/maisoncleo.com\/fr\/shop\/top-louisette-en-dentelle-de-calais-fleurie-et-soie-copie\/","title":{"rendered":"READY-TO-SHIP &#8211; Top LOUISETTE en dentelle de Calais fleurie et soie"},"content":{"rendered":"<p>Top en dentelle de Calais fleurie et soie.<br \/>\nJ&rsquo;ai trouv\u00e9 ce top (derni\u00e8re photo) dans le dressing de la chambre de ma grand-m\u00e8re Louisette. Top qu&rsquo;elle s&rsquo;\u00e9tait fait elle-m\u00eame dans les ann\u00e9es 70. Nous avons essay\u00e9 de faire notre version pour lui rendre un hommage!<br \/>\nElastiqu\u00e9e \u00e0 la taille. Doubl\u00e9e avec de la soie blanche.<\/p>\n<p>La mod\u00e8le mesure 175 cm et porte une taille S\/36.<\/p>\n","protected":false},"excerpt":{"rendered":"<p>Top en dentelle de Calais fleurie et soie. J&rsquo;ai trouv\u00e9 ce top (derni\u00e8re photo) dans le dressing de la chambre de ma&hellip;<\/p>\n","protected":false},"featured_media":358016,"template":"","meta":[],"product_brand":[],"product_cat":[913],"product_tag":[],"class_list":{"0":"post-401697","1":"product","2":"type-product","3":"status-publish","4":"has-post-thumbnail","6":"product_cat-ready-to-ship","8":"first","9":"outofstock","10":"taxable","11":"shipping-taxable","12":"purchasable","13":"product-type-variable"},"_links":{"self":[{"href":"https:\/\/maisoncleo.com\/fr\/wp-json\/wp\/v2\/product\/401697","targetHints":{"allow":["GET"]}}],"collection":[{"href":"https:\/\/maisoncleo.com\/fr\/wp-json\/wp\/v2\/product"}],"about":[{"href":"https:\/\/maisoncleo.com\/fr\/wp-json\/wp\/v2\/types\/product"}],"version-history":[{"count":2,"href":"https:\/\/maisoncleo.com\/fr\/wp-json\/wp\/v2\/product\/401697\/revisions"}],"predecessor-version":[{"id":401707,"href":"https:\/\/maisoncleo.com\/fr\/wp-json\/wp\/v2\/product\/401697\/revisions\/401707"}],"wp:featuredmedia":[{"embeddable":true,"href":"https:\/\/maisoncleo.com\/fr\/wp-json\/wp\/v2\/media\/358016"}],"wp:attachment":[{"href":"https:\/\/maisoncleo.com\/fr\/wp-json\/wp\/v2\/media?parent=401697"}],"wp:term":[{"taxonomy":"product_brand","embeddable":true,"href":"https:\/\/maisoncleo.com\/fr\/wp-json\/wp\/v2\/product_brand?post=401697"},{"taxonomy":"product_cat","embeddable":true,"href":"https:\/\/maisoncleo.com\/fr\/wp-json\/wp\/v2\/product_cat?post=401697"},{"taxonomy":"product_tag","embeddable":true,"href":"https:\/\/maisoncleo.com\/fr\/wp-json\/wp\/v2\/product_tag?post=401697"}],"curies":[{"name":"wp","href":"https:\/\/api.w.org\/{rel}","templated":true}]}}