{"id":401660,"date":"2026-04-02T15:39:37","date_gmt":"2026-04-02T13:39:37","guid":{"rendered":"https:\/\/maisoncleo.com\/?post_type=product&#038;p=401660"},"modified":"2026-05-07T15:54:14","modified_gmt":"2026-05-07T13:54:14","slug":"blouse-cache-coeur-volantee-en-coton-blanc-gisele-copie","status":"publish","type":"product","link":"https:\/\/maisoncleo.com\/fr\/shop\/blouse-cache-coeur-volantee-en-coton-blanc-gisele-copie\/","title":{"rendered":"READY-TO-SHIP &#8211; Blouse cache-coeur volant\u00e9e en coton blanc Gis\u00e8le"},"content":{"rendered":"<p>Notre blouse Gis\u00e8le, fabriqu\u00e9e dans un coton doux et d\u00e9licat. Manches courtes, rang\u00e9es de volants, deux liens fins \u00e0 nouer sur le c\u00f4t\u00e9. 100% coton.<\/p>\n<p>Deux fa\u00e7ons de la porter : A nouer autour de la taille en version cache-coeur pour la fermer enti\u00e8rement, ou \u00e0 nouer les deux liens sur le dessous de la poitrine pour un look pour aventurier.<\/p>\n<p>Longueur : 51 cm. Comme tout est fabriqu\u00e9 \u00e0 la commande, il est possible de demander la longueur que vous souhaitez en l&rsquo;indiquant dans la case commentaires au moment du paiement.<\/p>\n<p>La mod\u00e8le mesure 1m73 et porte une taille 36.<\/p>\n","protected":false},"excerpt":{"rendered":"<p>Notre blouse Gis\u00e8le, fabriqu\u00e9e dans un coton doux et d\u00e9licat. Manches courtes, rang\u00e9es de volants, deux liens fins \u00e0 nouer sur le&hellip;<\/p>\n","protected":false},"featured_media":381626,"template":"","meta":[],"product_brand":[],"product_cat":[913],"product_tag":[],"class_list":{"0":"post-401660","1":"product","2":"type-product","3":"status-publish","4":"has-post-thumbnail","6":"product_cat-ready-to-ship","8":"first","9":"outofstock","10":"taxable","11":"shipping-taxable","12":"purchasable","13":"product-type-variable"},"_links":{"self":[{"href":"https:\/\/maisoncleo.com\/fr\/wp-json\/wp\/v2\/product\/401660","targetHints":{"allow":["GET"]}}],"collection":[{"href":"https:\/\/maisoncleo.com\/fr\/wp-json\/wp\/v2\/product"}],"about":[{"href":"https:\/\/maisoncleo.com\/fr\/wp-json\/wp\/v2\/types\/product"}],"version-history":[{"count":2,"href":"https:\/\/maisoncleo.com\/fr\/wp-json\/wp\/v2\/product\/401660\/revisions"}],"predecessor-version":[{"id":401670,"href":"https:\/\/maisoncleo.com\/fr\/wp-json\/wp\/v2\/product\/401660\/revisions\/401670"}],"wp:featuredmedia":[{"embeddable":true,"href":"https:\/\/maisoncleo.com\/fr\/wp-json\/wp\/v2\/media\/381626"}],"wp:attachment":[{"href":"https:\/\/maisoncleo.com\/fr\/wp-json\/wp\/v2\/media?parent=401660"}],"wp:term":[{"taxonomy":"product_brand","embeddable":true,"href":"https:\/\/maisoncleo.com\/fr\/wp-json\/wp\/v2\/product_brand?post=401660"},{"taxonomy":"product_cat","embeddable":true,"href":"https:\/\/maisoncleo.com\/fr\/wp-json\/wp\/v2\/product_cat?post=401660"},{"taxonomy":"product_tag","embeddable":true,"href":"https:\/\/maisoncleo.com\/fr\/wp-json\/wp\/v2\/product_tag?post=401660"}],"curies":[{"name":"wp","href":"https:\/\/api.w.org\/{rel}","templated":true}]}}