{"id":401566,"date":"2026-04-02T15:08:31","date_gmt":"2026-04-02T13:08:31","guid":{"rendered":"https:\/\/maisoncleo.com\/?post_type=product&#038;p=401566"},"modified":"2026-05-07T15:11:03","modified_gmt":"2026-05-07T13:11:03","slug":"cache-coeur-en-dentelle-blanc-polly-copie","status":"publish","type":"product","link":"https:\/\/maisoncleo.com\/fr\/shop\/cache-coeur-en-dentelle-blanc-polly-copie\/","title":{"rendered":"READY-TO-SHIP &#8211; Cache-coeur en dentelle blanc POLLY"},"content":{"rendered":"<p><span style=\"font-weight: 400;\">Top cache-coeur en dentelle, manches longues \u00e9vas\u00e9es, roullott\u00e9.<\/span><\/p>\n<p><span style=\"font-weight: 400;\">La mod\u00e8le mesure 1,72 m.<\/span><\/p>\n","protected":false},"excerpt":{"rendered":"<p>Top cache-coeur en dentelle, manches longues \u00e9vas\u00e9es, roullott\u00e9. La mod\u00e8le mesure 1,72 m.<\/p>\n","protected":false},"featured_media":371390,"template":"","meta":[],"product_brand":[],"product_cat":[913],"product_tag":[],"class_list":{"0":"post-401566","1":"product","2":"type-product","3":"status-publish","4":"has-post-thumbnail","6":"product_cat-ready-to-ship","8":"first","9":"outofstock","10":"taxable","11":"shipping-taxable","12":"purchasable","13":"product-type-variable"},"_links":{"self":[{"href":"https:\/\/maisoncleo.com\/fr\/wp-json\/wp\/v2\/product\/401566","targetHints":{"allow":["GET"]}}],"collection":[{"href":"https:\/\/maisoncleo.com\/fr\/wp-json\/wp\/v2\/product"}],"about":[{"href":"https:\/\/maisoncleo.com\/fr\/wp-json\/wp\/v2\/types\/product"}],"version-history":[{"count":2,"href":"https:\/\/maisoncleo.com\/fr\/wp-json\/wp\/v2\/product\/401566\/revisions"}],"predecessor-version":[{"id":401576,"href":"https:\/\/maisoncleo.com\/fr\/wp-json\/wp\/v2\/product\/401566\/revisions\/401576"}],"wp:featuredmedia":[{"embeddable":true,"href":"https:\/\/maisoncleo.com\/fr\/wp-json\/wp\/v2\/media\/371390"}],"wp:attachment":[{"href":"https:\/\/maisoncleo.com\/fr\/wp-json\/wp\/v2\/media?parent=401566"}],"wp:term":[{"taxonomy":"product_brand","embeddable":true,"href":"https:\/\/maisoncleo.com\/fr\/wp-json\/wp\/v2\/product_brand?post=401566"},{"taxonomy":"product_cat","embeddable":true,"href":"https:\/\/maisoncleo.com\/fr\/wp-json\/wp\/v2\/product_cat?post=401566"},{"taxonomy":"product_tag","embeddable":true,"href":"https:\/\/maisoncleo.com\/fr\/wp-json\/wp\/v2\/product_tag?post=401566"}],"curies":[{"name":"wp","href":"https:\/\/api.w.org\/{rel}","templated":true}]}}