{"id":401548,"date":"2026-04-02T15:02:50","date_gmt":"2026-04-02T13:02:50","guid":{"rendered":"https:\/\/maisoncleo.com\/?post_type=product&#038;p=401548"},"modified":"2026-05-07T15:06:38","modified_gmt":"2026-05-07T13:06:38","slug":"robe-longue-romantique-morane-en-soie-imprime-petites-marguerites-copie","status":"publish","type":"product","link":"https:\/\/maisoncleo.com\/fr\/shop\/robe-longue-romantique-morane-en-soie-imprime-petites-marguerites-copie\/","title":{"rendered":"Robe longue romantique MORANE en soie imprim\u00e9 petites marguerites"},"content":{"rendered":"<p>Robe longue romantique en soie imprim\u00e9 petites marguerites. Manches courtes bouffantes \u00e9lastiques, d\u00e9collet\u00e9 montant se fermant avec un lien dans le haut du cou, d\u00e9coupe au niveau de la poitrine. Coupe ajust\u00e9e et fluide dans le bas avec une finition traditionnelle en point bourdon. Fermeture \u00e9clair invisible sur le c\u00f4t\u00e9.<\/p>\n<p>La mod\u00e8le mesure 1m74 et porte une taille S-36.<\/p>\n<p>Soie fabriqu\u00e9e en France.<\/p>\n","protected":false},"excerpt":{"rendered":"<p>Robe longue romantique en soie imprim\u00e9 petites marguerites. Manches courtes bouffantes \u00e9lastiques, d\u00e9collet\u00e9 montant se fermant avec un lien dans le haut&hellip;<\/p>\n","protected":false},"featured_media":380648,"template":"","meta":[],"product_brand":[],"product_cat":[913],"product_tag":[],"class_list":{"0":"post-401548","1":"product","2":"type-product","3":"status-publish","4":"has-post-thumbnail","6":"product_cat-ready-to-ship","8":"first","9":"outofstock","10":"taxable","11":"shipping-taxable","12":"purchasable","13":"product-type-variable"},"_links":{"self":[{"href":"https:\/\/maisoncleo.com\/fr\/wp-json\/wp\/v2\/product\/401548","targetHints":{"allow":["GET"]}}],"collection":[{"href":"https:\/\/maisoncleo.com\/fr\/wp-json\/wp\/v2\/product"}],"about":[{"href":"https:\/\/maisoncleo.com\/fr\/wp-json\/wp\/v2\/types\/product"}],"version-history":[{"count":2,"href":"https:\/\/maisoncleo.com\/fr\/wp-json\/wp\/v2\/product\/401548\/revisions"}],"predecessor-version":[{"id":401558,"href":"https:\/\/maisoncleo.com\/fr\/wp-json\/wp\/v2\/product\/401548\/revisions\/401558"}],"wp:featuredmedia":[{"embeddable":true,"href":"https:\/\/maisoncleo.com\/fr\/wp-json\/wp\/v2\/media\/380648"}],"wp:attachment":[{"href":"https:\/\/maisoncleo.com\/fr\/wp-json\/wp\/v2\/media?parent=401548"}],"wp:term":[{"taxonomy":"product_brand","embeddable":true,"href":"https:\/\/maisoncleo.com\/fr\/wp-json\/wp\/v2\/product_brand?post=401548"},{"taxonomy":"product_cat","embeddable":true,"href":"https:\/\/maisoncleo.com\/fr\/wp-json\/wp\/v2\/product_cat?post=401548"},{"taxonomy":"product_tag","embeddable":true,"href":"https:\/\/maisoncleo.com\/fr\/wp-json\/wp\/v2\/product_tag?post=401548"}],"curies":[{"name":"wp","href":"https:\/\/api.w.org\/{rel}","templated":true}]}}