{"id":401530,"date":"2026-04-02T14:58:55","date_gmt":"2026-04-02T12:58:55","guid":{"rendered":"https:\/\/maisoncleo.com\/?post_type=product&#038;p=401530"},"modified":"2026-05-07T15:01:22","modified_gmt":"2026-05-07T13:01:22","slug":"robe-longue-poil-noir-maille-a-paillettes-en-maille-jennie-copie","status":"publish","type":"product","link":"https:\/\/maisoncleo.com\/fr\/shop\/robe-longue-poil-noir-maille-a-paillettes-en-maille-jennie-copie\/","title":{"rendered":"READY-TO-SHIP &#8211; Robe longue poil noir maille \u00e0 paillettes en maille JENNIE"},"content":{"rendered":"<p>Robe longue poil noir maille \u00e0 paillettes. Sublime tissu en maille \u00e0 poil de Haute-Couture brillant \u00e0 paillettes opaque. Cintr\u00e9, stretch, fine c\u00f4t\u00e9, petite ouverture dans le haut du dos ferm\u00e9 avec un bouton.<\/p>\n<p>Longueur= 133 cm. Longueur de la fente : 53 cm.<\/p>\n<p>La mod\u00e8le mesure 170 cm et porte une taille XS-34.<\/p>\n","protected":false},"excerpt":{"rendered":"<p>Robe longue poil noir maille \u00e0 paillettes. Sublime tissu en maille \u00e0 poil de Haute-Couture brillant \u00e0 paillettes opaque. Cintr\u00e9, stretch, fine&hellip;<\/p>\n","protected":false},"featured_media":395531,"template":"","meta":[],"product_brand":[],"product_cat":[913],"product_tag":[],"class_list":{"0":"post-401530","1":"product","2":"type-product","3":"status-publish","4":"has-post-thumbnail","6":"product_cat-ready-to-ship","8":"first","9":"instock","10":"taxable","11":"shipping-taxable","12":"purchasable","13":"product-type-variable"},"_links":{"self":[{"href":"https:\/\/maisoncleo.com\/fr\/wp-json\/wp\/v2\/product\/401530","targetHints":{"allow":["GET"]}}],"collection":[{"href":"https:\/\/maisoncleo.com\/fr\/wp-json\/wp\/v2\/product"}],"about":[{"href":"https:\/\/maisoncleo.com\/fr\/wp-json\/wp\/v2\/types\/product"}],"version-history":[{"count":2,"href":"https:\/\/maisoncleo.com\/fr\/wp-json\/wp\/v2\/product\/401530\/revisions"}],"predecessor-version":[{"id":401540,"href":"https:\/\/maisoncleo.com\/fr\/wp-json\/wp\/v2\/product\/401530\/revisions\/401540"}],"wp:featuredmedia":[{"embeddable":true,"href":"https:\/\/maisoncleo.com\/fr\/wp-json\/wp\/v2\/media\/395531"}],"wp:attachment":[{"href":"https:\/\/maisoncleo.com\/fr\/wp-json\/wp\/v2\/media?parent=401530"}],"wp:term":[{"taxonomy":"product_brand","embeddable":true,"href":"https:\/\/maisoncleo.com\/fr\/wp-json\/wp\/v2\/product_brand?post=401530"},{"taxonomy":"product_cat","embeddable":true,"href":"https:\/\/maisoncleo.com\/fr\/wp-json\/wp\/v2\/product_cat?post=401530"},{"taxonomy":"product_tag","embeddable":true,"href":"https:\/\/maisoncleo.com\/fr\/wp-json\/wp\/v2\/product_tag?post=401530"}],"curies":[{"name":"wp","href":"https:\/\/api.w.org\/{rel}","templated":true}]}}