{"id":401512,"date":"2026-04-02T14:54:53","date_gmt":"2026-04-02T12:54:53","guid":{"rendered":"https:\/\/maisoncleo.com\/?post_type=product&#038;p=401512"},"modified":"2026-05-07T14:57:12","modified_gmt":"2026-05-07T12:57:12","slug":"robe-mini-de-plage-crochet-en-coton-blanc-casse-avec-motifs-fleurs-tricotee-copie","status":"publish","type":"product","link":"https:\/\/maisoncleo.com\/fr\/shop\/robe-mini-de-plage-crochet-en-coton-blanc-casse-avec-motifs-fleurs-tricotee-copie\/","title":{"rendered":"READY-TO-SHIP &#8211; Robe mini de plage crochet en coton blanc cass\u00e9 avec motifs fleurs tricot\u00e9e"},"content":{"rendered":"<p>Robe mini de plage crochet en coton blanc cass\u00e9 avec motifs fleurs.<\/p>\n<p>La robe parfaite pour cet \u00e9t\u00e9! Travail de motifs de fleurs sur le corps, manches courtes. Fabriqu\u00e9e dans un fil 100% coton organique.<\/p>\n<p>La mod\u00e8le mesure 1m74 et porte une taille S-36.<\/p>\n","protected":false},"excerpt":{"rendered":"<p>Robe mini de plage crochet en coton blanc cass\u00e9 avec motifs fleurs. La robe parfaite pour cet \u00e9t\u00e9! Travail de motifs de&hellip;<\/p>\n","protected":false},"featured_media":351475,"template":"","meta":[],"product_brand":[],"product_cat":[913],"product_tag":[],"class_list":{"0":"post-401512","1":"product","2":"type-product","3":"status-publish","4":"has-post-thumbnail","6":"product_cat-ready-to-ship","8":"first","9":"instock","10":"taxable","11":"shipping-taxable","12":"purchasable","13":"product-type-variable"},"_links":{"self":[{"href":"https:\/\/maisoncleo.com\/fr\/wp-json\/wp\/v2\/product\/401512","targetHints":{"allow":["GET"]}}],"collection":[{"href":"https:\/\/maisoncleo.com\/fr\/wp-json\/wp\/v2\/product"}],"about":[{"href":"https:\/\/maisoncleo.com\/fr\/wp-json\/wp\/v2\/types\/product"}],"version-history":[{"count":2,"href":"https:\/\/maisoncleo.com\/fr\/wp-json\/wp\/v2\/product\/401512\/revisions"}],"predecessor-version":[{"id":401522,"href":"https:\/\/maisoncleo.com\/fr\/wp-json\/wp\/v2\/product\/401512\/revisions\/401522"}],"wp:featuredmedia":[{"embeddable":true,"href":"https:\/\/maisoncleo.com\/fr\/wp-json\/wp\/v2\/media\/351475"}],"wp:attachment":[{"href":"https:\/\/maisoncleo.com\/fr\/wp-json\/wp\/v2\/media?parent=401512"}],"wp:term":[{"taxonomy":"product_brand","embeddable":true,"href":"https:\/\/maisoncleo.com\/fr\/wp-json\/wp\/v2\/product_brand?post=401512"},{"taxonomy":"product_cat","embeddable":true,"href":"https:\/\/maisoncleo.com\/fr\/wp-json\/wp\/v2\/product_cat?post=401512"},{"taxonomy":"product_tag","embeddable":true,"href":"https:\/\/maisoncleo.com\/fr\/wp-json\/wp\/v2\/product_tag?post=401512"}],"curies":[{"name":"wp","href":"https:\/\/api.w.org\/{rel}","templated":true}]}}