{"id":401476,"date":"2026-04-02T14:46:27","date_gmt":"2026-04-02T12:46:27","guid":{"rendered":"https:\/\/maisoncleo.com\/?post_type=product&#038;p=401476"},"modified":"2026-05-07T14:49:30","modified_gmt":"2026-05-07T12:49:30","slug":"runway-look-6-t-shirt-blanc-clubcleo-copie","status":"publish","type":"product","link":"https:\/\/maisoncleo.com\/fr\/shop\/runway-look-6-t-shirt-blanc-clubcleo-copie\/","title":{"rendered":"READY-TO-SHIP- T-shirt blanc \u00ab\u00a0ClubCl\u00e9o\u00a0\u00bb"},"content":{"rendered":"<p>T-shirt blanc \u00ab\u00a0Cl\u00e9oClub\u00a0\u00bb\u00a0avec une police rose clair sur le devant entour\u00e9e de petits c\u0153urs. Manches courtes, coupe ajust\u00e9e, tr\u00e8s beau jersey de coton. 98% coton, 2% \u00e9lasthanne.<\/p>\n<p>La mod\u00e8le mesure 1m75 et porte une taille S-36.<\/p>\n","protected":false},"excerpt":{"rendered":"<p>T-shirt blanc \u00ab\u00a0Cl\u00e9oClub\u00a0\u00bb\u00a0avec une police rose clair sur le devant entour\u00e9e de petits c\u0153urs. Manches courtes, coupe ajust\u00e9e, tr\u00e8s beau jersey de&hellip;<\/p>\n","protected":false},"featured_media":340994,"template":"","meta":[],"product_brand":[],"product_cat":[913],"product_tag":[],"class_list":{"0":"post-401476","1":"product","2":"type-product","3":"status-publish","4":"has-post-thumbnail","6":"product_cat-ready-to-ship","8":"first","9":"instock","10":"taxable","11":"shipping-taxable","12":"purchasable","13":"product-type-variable"},"_links":{"self":[{"href":"https:\/\/maisoncleo.com\/fr\/wp-json\/wp\/v2\/product\/401476","targetHints":{"allow":["GET"]}}],"collection":[{"href":"https:\/\/maisoncleo.com\/fr\/wp-json\/wp\/v2\/product"}],"about":[{"href":"https:\/\/maisoncleo.com\/fr\/wp-json\/wp\/v2\/types\/product"}],"version-history":[{"count":2,"href":"https:\/\/maisoncleo.com\/fr\/wp-json\/wp\/v2\/product\/401476\/revisions"}],"predecessor-version":[{"id":401486,"href":"https:\/\/maisoncleo.com\/fr\/wp-json\/wp\/v2\/product\/401476\/revisions\/401486"}],"wp:featuredmedia":[{"embeddable":true,"href":"https:\/\/maisoncleo.com\/fr\/wp-json\/wp\/v2\/media\/340994"}],"wp:attachment":[{"href":"https:\/\/maisoncleo.com\/fr\/wp-json\/wp\/v2\/media?parent=401476"}],"wp:term":[{"taxonomy":"product_brand","embeddable":true,"href":"https:\/\/maisoncleo.com\/fr\/wp-json\/wp\/v2\/product_brand?post=401476"},{"taxonomy":"product_cat","embeddable":true,"href":"https:\/\/maisoncleo.com\/fr\/wp-json\/wp\/v2\/product_cat?post=401476"},{"taxonomy":"product_tag","embeddable":true,"href":"https:\/\/maisoncleo.com\/fr\/wp-json\/wp\/v2\/product_tag?post=401476"}],"curies":[{"name":"wp","href":"https:\/\/api.w.org\/{rel}","templated":true}]}}