{"id":400831,"date":"2026-03-22T16:38:45","date_gmt":"2026-03-22T14:38:45","guid":{"rendered":"https:\/\/maisoncleo.com\/?post_type=product&#038;p=400831"},"modified":"2026-04-30T16:49:47","modified_gmt":"2026-04-30T14:49:47","slug":"sandales-vintage-perlees-oranges-cerises-et-bananes-copie","status":"publish","type":"product","link":"https:\/\/maisoncleo.com\/fr\/shop\/sandales-vintage-perlees-oranges-cerises-et-bananes-copie\/","title":{"rendered":"Bottes vintage animal brillantes"},"content":{"rendered":"<p id=\"tw-target-text\" class=\"tw-data-text tw-text-large tw-ta\" dir=\"ltr\" data-placeholder=\"Traduction\">Bottes vintage \u00e0 talons animal brillantes, en parfait \u00e9tat.<\/p>\n<p dir=\"ltr\" data-placeholder=\"Traduction\">Taille 40. Fabriqu\u00e9es en Espagne.<\/p>\n<p class=\"tw-data-text tw-text-large tw-ta\" dir=\"ltr\" data-placeholder=\"Traduction\">Hauteur du talon : 9,5 cm.<\/p>\n","protected":false},"excerpt":{"rendered":"<p>Bottes vintage \u00e0 talons animal brillantes, en parfait \u00e9tat. Taille 40. Fabriqu\u00e9es en Espagne. Hauteur du talon : 9,5 cm.<\/p>\n","protected":false},"featured_media":400845,"template":"","meta":[],"product_brand":[],"product_cat":[651,659],"product_tag":[],"class_list":{"0":"post-400831","1":"product","2":"type-product","3":"status-publish","4":"has-post-thumbnail","6":"product_cat-accessoires","7":"product_cat-chaussures","9":"first","10":"instock","11":"taxable","12":"shipping-taxable","13":"purchasable","14":"product-type-variable"},"_links":{"self":[{"href":"https:\/\/maisoncleo.com\/fr\/wp-json\/wp\/v2\/product\/400831","targetHints":{"allow":["GET"]}}],"collection":[{"href":"https:\/\/maisoncleo.com\/fr\/wp-json\/wp\/v2\/product"}],"about":[{"href":"https:\/\/maisoncleo.com\/fr\/wp-json\/wp\/v2\/types\/product"}],"version-history":[{"count":2,"href":"https:\/\/maisoncleo.com\/fr\/wp-json\/wp\/v2\/product\/400831\/revisions"}],"predecessor-version":[{"id":400849,"href":"https:\/\/maisoncleo.com\/fr\/wp-json\/wp\/v2\/product\/400831\/revisions\/400849"}],"wp:featuredmedia":[{"embeddable":true,"href":"https:\/\/maisoncleo.com\/fr\/wp-json\/wp\/v2\/media\/400845"}],"wp:attachment":[{"href":"https:\/\/maisoncleo.com\/fr\/wp-json\/wp\/v2\/media?parent=400831"}],"wp:term":[{"taxonomy":"product_brand","embeddable":true,"href":"https:\/\/maisoncleo.com\/fr\/wp-json\/wp\/v2\/product_brand?post=400831"},{"taxonomy":"product_cat","embeddable":true,"href":"https:\/\/maisoncleo.com\/fr\/wp-json\/wp\/v2\/product_cat?post=400831"},{"taxonomy":"product_tag","embeddable":true,"href":"https:\/\/maisoncleo.com\/fr\/wp-json\/wp\/v2\/product_tag?post=400831"}],"curies":[{"name":"wp","href":"https:\/\/api.w.org\/{rel}","templated":true}]}}