{"id":400764,"date":"2026-03-20T15:58:13","date_gmt":"2026-03-20T13:58:13","guid":{"rendered":"https:\/\/maisoncleo.com\/?post_type=product&#038;p=400764"},"modified":"2026-04-30T16:18:39","modified_gmt":"2026-04-30T14:18:39","slug":"maisoncleo-x-la-botte-gardiane-santiags-santiago-paris-en-cuir-marron-naturel-rouge-et-marron-fonce-copie","status":"publish","type":"product","link":"https:\/\/maisoncleo.com\/fr\/shop\/maisoncleo-x-la-botte-gardiane-santiags-santiago-paris-en-cuir-marron-naturel-rouge-et-marron-fonce-copie\/","title":{"rendered":"READY-TO-SHIP &#8211; MAISONCLEO x LA BOTTE GARDIANE &#8211; Santiags Santiago Paris en cuir marron naturel, rouge et marron fonc\u00e9"},"content":{"rendered":"<p>Neuves. Port\u00e9es une fois lors d&rsquo;un shooting photo.<\/p>\n<p>Dans un monde o\u00f9 le savoir-faire est devenu rare, MaisonCl\u00e9o s&rsquo;associe avec fiert\u00e9 au dernier fabricant de Camarguaise fran\u00e7ais, La Botte Gardiane.<\/p>\n<p>Santiags fabriqu\u00e9s en France.<\/p>\n<p>Pour notre collection \u00ab\u00a0La Badoule\u00a0\u00bb, nous avons collabor\u00e9 sur la cr\u00e9ation de 3 paires de santiags avec leur atelier du sud de la France.<\/p>\n<p>Les santiags marron naturel, rouge et marron fonc\u00e9. Coutures blanches et rouges. Les bottes \u00ab\u00a0Santiago Paris\u00a0\u00bb viennent directement d&rsquo;une inspiration d&rsquo;une paire des archives de La Botte Gardiane des ann\u00e9es 70.<\/p>\n<p>Cuir \u00e9pais et de tr\u00e8s bonne qualit\u00e9, tr\u00e8s r\u00e9sistant \u00e0 l&rsquo;eau. Int\u00e9rieur en cuir \u00e9galement. Semelles patins de pos\u00e9es.<\/p>\n<p>Hauteur du talon : 4,5 cm.<\/p>\n<p>Hauteur totale de la botte : 32 cm<\/p>\n<p><em>L&rsquo;<strong>atelier La Botte Gardiane<\/strong>, est situ\u00e9 dans le Gard, en France. Il est reconnu parmi les M\u00e9tiers d&rsquo;Arts depuis 2016 &amp; est labellis\u00e9 <a title=\"lien epv\" href=\"https:\/\/www.institut-metiersdart.org\/epv\">entreprise du patrimoine vivant fran\u00e7ais<\/a>\u00a0depuis 2007.<\/em><\/p>\n","protected":false},"excerpt":{"rendered":"<p>Neuves. Port\u00e9es une fois lors d&rsquo;un shooting photo. Dans un monde o\u00f9 le savoir-faire est devenu rare, MaisonCl\u00e9o s&rsquo;associe avec fiert\u00e9 au&hellip;<\/p>\n","protected":false},"featured_media":356636,"template":"","meta":[],"product_brand":[],"product_cat":[651,659,913],"product_tag":[],"class_list":{"0":"post-400764","1":"product","2":"type-product","3":"status-publish","4":"has-post-thumbnail","6":"product_cat-accessoires","7":"product_cat-chaussures","8":"product_cat-ready-to-ship","10":"first","11":"instock","12":"sale","13":"taxable","14":"shipping-taxable","15":"purchasable","16":"product-type-variable"},"_links":{"self":[{"href":"https:\/\/maisoncleo.com\/fr\/wp-json\/wp\/v2\/product\/400764","targetHints":{"allow":["GET"]}}],"collection":[{"href":"https:\/\/maisoncleo.com\/fr\/wp-json\/wp\/v2\/product"}],"about":[{"href":"https:\/\/maisoncleo.com\/fr\/wp-json\/wp\/v2\/types\/product"}],"version-history":[{"count":3,"href":"https:\/\/maisoncleo.com\/fr\/wp-json\/wp\/v2\/product\/400764\/revisions"}],"predecessor-version":[{"id":400801,"href":"https:\/\/maisoncleo.com\/fr\/wp-json\/wp\/v2\/product\/400764\/revisions\/400801"}],"wp:featuredmedia":[{"embeddable":true,"href":"https:\/\/maisoncleo.com\/fr\/wp-json\/wp\/v2\/media\/356636"}],"wp:attachment":[{"href":"https:\/\/maisoncleo.com\/fr\/wp-json\/wp\/v2\/media?parent=400764"}],"wp:term":[{"taxonomy":"product_brand","embeddable":true,"href":"https:\/\/maisoncleo.com\/fr\/wp-json\/wp\/v2\/product_brand?post=400764"},{"taxonomy":"product_cat","embeddable":true,"href":"https:\/\/maisoncleo.com\/fr\/wp-json\/wp\/v2\/product_cat?post=400764"},{"taxonomy":"product_tag","embeddable":true,"href":"https:\/\/maisoncleo.com\/fr\/wp-json\/wp\/v2\/product_tag?post=400764"}],"curies":[{"name":"wp","href":"https:\/\/api.w.org\/{rel}","templated":true}]}}