{"id":400720,"date":"2026-04-30T12:38:30","date_gmt":"2026-04-30T10:38:30","guid":{"rendered":"https:\/\/maisoncleo.com\/?post_type=product&#038;p=400720"},"modified":"2026-04-30T12:51:52","modified_gmt":"2026-04-30T10:51:52","slug":"runway-look-41-lunettes-ecailles-de-tortue-foncees-cleo-x-emmanuelle-khanh-copie","status":"publish","type":"product","link":"https:\/\/maisoncleo.com\/fr\/shop\/runway-look-41-lunettes-ecailles-de-tortue-foncees-cleo-x-emmanuelle-khanh-copie\/","title":{"rendered":"READY-TO-SHIP &#8211; LUNETTES \u00c9CAILLES DE TORTUE MARRON FONC\u00c9ES CL\u00c9O X EMMANUELLE KHANH"},"content":{"rendered":"<p class=\"p1\">La Maison Emmanuelle Khanh, sous la direction artistique d\u2019\u00c9va Gaum\u00e9, cr\u00e9e pour MaisonCl\u00e9o une capsule solaire exclusive \u00e0 partir d\u2019ac\u00e9tates upcycl\u00e9s.<\/p>\n<p class=\"p1\">Le mod\u00e8le solaire Cl\u00e9o d\u00e9voile une forme rectangulaire g\u00e9n\u00e9reuse aux angles adoucis, inspir\u00e9e des 90\u2019s, dont chaque branche est orn\u00e9e d\u2019un strass en cristal Swarovski graphique.<\/p>\n<p class=\"p1\">D\u00e9clin\u00e9 en cinq coloris exclusifs &#8211; noir, \u00e9caille de tortue marron fonc\u00e9e, \u00e9caille claire, paillettes bleues, et flamm\u00e9 rouge &#8211; les mati\u00e8res s\u00e9lectionn\u00e9es sont issues de stocks dormants et d&rsquo;ac\u00e9tates vintages, sourc\u00e9s localement, \u00e0 quelques kilom\u00e8tres de l\u2019usine de fabrication.<\/p>\n<p class=\"p1\">Les montures sont fa\u00e7onn\u00e9es \u00e0 la main, dans le respect du savoir-faire traditionnel, en partenariat avec un atelier lunetier bas\u00e9 \u00e0 Oyonnax, sp\u00e9cialis\u00e9 dans la fabrication artisanale de montures en ac\u00e9tate depuis plusieurs g\u00e9n\u00e9rations.<\/p>\n<p class=\"p1\">Chaque monture est livr\u00e9e dans un \u00e9tuis fabriqu\u00e9 \u00e0 partir de tissus r\u00e9cup\u00e9r\u00e9s de Maisons de Couture.<\/p>\n<p dir=\"ltr\" data-placeholder=\"Traduction\">LOOK 41 from our March 2022 \u00ab\u00a0Premi\u00e8re Fois\u00a0\u00bb debut runway show.<\/p>\n","protected":false},"excerpt":{"rendered":"<p>La Maison Emmanuelle Khanh, sous la direction artistique d\u2019\u00c9va Gaum\u00e9, cr\u00e9e pour MaisonCl\u00e9o une capsule solaire exclusive \u00e0 partir d\u2019ac\u00e9tates upcycl\u00e9s. Le&hellip;<\/p>\n","protected":false},"featured_media":342829,"template":"","meta":[],"product_brand":[],"product_cat":[913],"product_tag":[],"class_list":{"0":"post-400720","1":"product","2":"type-product","3":"status-publish","4":"has-post-thumbnail","6":"product_cat-ready-to-ship","8":"first","9":"instock","10":"sale","11":"taxable","12":"shipping-taxable","13":"purchasable","14":"product-type-variable"},"_links":{"self":[{"href":"https:\/\/maisoncleo.com\/fr\/wp-json\/wp\/v2\/product\/400720","targetHints":{"allow":["GET"]}}],"collection":[{"href":"https:\/\/maisoncleo.com\/fr\/wp-json\/wp\/v2\/product"}],"about":[{"href":"https:\/\/maisoncleo.com\/fr\/wp-json\/wp\/v2\/types\/product"}],"version-history":[{"count":3,"href":"https:\/\/maisoncleo.com\/fr\/wp-json\/wp\/v2\/product\/400720\/revisions"}],"predecessor-version":[{"id":400739,"href":"https:\/\/maisoncleo.com\/fr\/wp-json\/wp\/v2\/product\/400720\/revisions\/400739"}],"wp:featuredmedia":[{"embeddable":true,"href":"https:\/\/maisoncleo.com\/fr\/wp-json\/wp\/v2\/media\/342829"}],"wp:attachment":[{"href":"https:\/\/maisoncleo.com\/fr\/wp-json\/wp\/v2\/media?parent=400720"}],"wp:term":[{"taxonomy":"product_brand","embeddable":true,"href":"https:\/\/maisoncleo.com\/fr\/wp-json\/wp\/v2\/product_brand?post=400720"},{"taxonomy":"product_cat","embeddable":true,"href":"https:\/\/maisoncleo.com\/fr\/wp-json\/wp\/v2\/product_cat?post=400720"},{"taxonomy":"product_tag","embeddable":true,"href":"https:\/\/maisoncleo.com\/fr\/wp-json\/wp\/v2\/product_tag?post=400720"}],"curies":[{"name":"wp","href":"https:\/\/api.w.org\/{rel}","templated":true}]}}