{"id":400707,"date":"2026-03-16T12:22:09","date_gmt":"2026-03-16T10:22:09","guid":{"rendered":"https:\/\/maisoncleo.com\/shop\/ready-to-ship-lunette-de-soleil-noires-cleo-x-emmanuelle-khanh\/"},"modified":"2026-03-16T12:22:09","modified_gmt":"2026-03-16T10:22:09","slug":"ready-to-ship-lunette-de-soleil-noires-cleo-x-emmanuelle-khanh","status":"publish","type":"product","link":"https:\/\/maisoncleo.com\/fr\/shop\/ready-to-ship-lunette-de-soleil-noires-cleo-x-emmanuelle-khanh\/","title":{"rendered":"READY-TO-SHIP &#8211; Lunette de soleil noires Cl\u00e9o X EMMANUELLE KHANH"},"content":{"rendered":"<p class=\"p1\">La Maison Emmanuelle Khanh, sous la direction artistique d\u2019\u00c9va Gaum\u00e9, cr\u00e9e pour MaisonCl\u00e9o une capsule solaire exclusive \u00e0 partir d\u2019ac\u00e9tates upcycl\u00e9s.<\/p>\n<p class=\"p1\">Le mod\u00e8le solaire Cl\u00e9o d\u00e9voile une forme rectangulaire g\u00e9n\u00e9reuse aux angles adoucis, inspir\u00e9e des 90\u2019s, dont chaque branche est orn\u00e9e d\u2019un strass en cristal Swarovski graphique.<\/p>\n<p class=\"p1\">D\u00e9clin\u00e9 en cinq coloris exclusifs \u2013 noir, \u00e9caille fonc\u00e9e, \u00e9caille claire, paillettes bleues, et flamm\u00e9 rouge \u2013 les mati\u00e8res s\u00e9lectionn\u00e9es sont issues de stocks dormants et d\u2019ac\u00e9tates vintages, sourc\u00e9s localement, \u00e0 quelques kilom\u00e8tres de l\u2019usine de fabrication.<\/p>\n<p class=\"p1\">Les montures sont fa\u00e7onn\u00e9es \u00e0 la main, dans le respect du savoir-faire traditionnel, en partenariat avec un atelier lunetier bas\u00e9 \u00e0 Oyonnax, sp\u00e9cialis\u00e9 dans la fabrication artisanale de montures en ac\u00e9tate depuis plusieurs g\u00e9n\u00e9rations.<\/p>\n<p class=\"p1\">Chaque monture est livr\u00e9e dans un \u00e9tui fabriqu\u00e9 \u00e0 partir de tissus r\u00e9cup\u00e9r\u00e9s de Maisons de Couture.<\/p>\n","protected":false},"excerpt":{"rendered":"<p>La Maison Emmanuelle Khanh, sous la direction artistique d\u2019\u00c9va Gaum\u00e9, cr\u00e9e pour MaisonCl\u00e9o une capsule solaire exclusive \u00e0 partir d\u2019ac\u00e9tates upcycl\u00e9s. Le&hellip;<\/p>\n","protected":false},"featured_media":342853,"template":"","meta":[],"product_brand":[],"product_cat":[913],"product_tag":[],"class_list":{"0":"post-400707","1":"product","2":"type-product","3":"status-publish","4":"has-post-thumbnail","6":"product_cat-ready-to-ship","8":"first","9":"instock","10":"taxable","11":"shipping-taxable","12":"purchasable","13":"product-type-variable"},"_links":{"self":[{"href":"https:\/\/maisoncleo.com\/fr\/wp-json\/wp\/v2\/product\/400707","targetHints":{"allow":["GET"]}}],"collection":[{"href":"https:\/\/maisoncleo.com\/fr\/wp-json\/wp\/v2\/product"}],"about":[{"href":"https:\/\/maisoncleo.com\/fr\/wp-json\/wp\/v2\/types\/product"}],"version-history":[{"count":0,"href":"https:\/\/maisoncleo.com\/fr\/wp-json\/wp\/v2\/product\/400707\/revisions"}],"wp:featuredmedia":[{"embeddable":true,"href":"https:\/\/maisoncleo.com\/fr\/wp-json\/wp\/v2\/media\/342853"}],"wp:attachment":[{"href":"https:\/\/maisoncleo.com\/fr\/wp-json\/wp\/v2\/media?parent=400707"}],"wp:term":[{"taxonomy":"product_brand","embeddable":true,"href":"https:\/\/maisoncleo.com\/fr\/wp-json\/wp\/v2\/product_brand?post=400707"},{"taxonomy":"product_cat","embeddable":true,"href":"https:\/\/maisoncleo.com\/fr\/wp-json\/wp\/v2\/product_cat?post=400707"},{"taxonomy":"product_tag","embeddable":true,"href":"https:\/\/maisoncleo.com\/fr\/wp-json\/wp\/v2\/product_tag?post=400707"}],"curies":[{"name":"wp","href":"https:\/\/api.w.org\/{rel}","templated":true}]}}