{"id":400363,"date":"2026-02-19T16:35:57","date_gmt":"2026-02-19T14:35:57","guid":{"rendered":"https:\/\/maisoncleo.com\/?post_type=product&#038;p=400363"},"modified":"2026-04-29T16:48:55","modified_gmt":"2026-04-29T14:48:55","slug":"ready-to-ship-sac-la-badoule-en-soie-sauvage-beige-avec-anse-en-crochet-copie","status":"publish","type":"product","link":"https:\/\/maisoncleo.com\/fr\/shop\/ready-to-ship-sac-la-badoule-en-soie-sauvage-beige-avec-anse-en-crochet-copie\/","title":{"rendered":"READY-TO-SHIP &#8211;  Sac pochette en soie blanc cass\u00e9 avec volants"},"content":{"rendered":"<p>Sac pochette en soie blanc cass\u00e9 avec volants. Anse volant\u00e9e, lien \u00e0 nouer et \u00e0 resserrer sur le devant, un compartiment int\u00e9rieur.<\/p>\n<p>Peut servir en petite pochette pour un mariage. 100% organza de soie. Doubl\u00e9 soie.<\/p>\n<p>Hauteur sans la anse : 17 cm \/ Hauteur anse incluse : 23 cm \/ Hauteur de la anse : 6 cm.<\/p>\n","protected":false},"excerpt":{"rendered":"<p>Sac pochette en soie blanc cass\u00e9 avec volants. Anse volant\u00e9e, lien \u00e0 nouer et \u00e0 resserrer sur le devant, un compartiment int\u00e9rieur.&hellip;<\/p>\n","protected":false},"featured_media":400368,"template":"","meta":[],"product_brand":[],"product_cat":[958,913],"product_tag":[],"class_list":{"0":"post-400363","1":"product","2":"type-product","3":"status-publish","4":"has-post-thumbnail","6":"product_cat-mariage-selection","7":"product_cat-ready-to-ship","9":"first","10":"outofstock","11":"taxable","12":"shipping-taxable","13":"purchasable","14":"product-type-variable"},"_links":{"self":[{"href":"https:\/\/maisoncleo.com\/fr\/wp-json\/wp\/v2\/product\/400363","targetHints":{"allow":["GET"]}}],"collection":[{"href":"https:\/\/maisoncleo.com\/fr\/wp-json\/wp\/v2\/product"}],"about":[{"href":"https:\/\/maisoncleo.com\/fr\/wp-json\/wp\/v2\/types\/product"}],"version-history":[{"count":3,"href":"https:\/\/maisoncleo.com\/fr\/wp-json\/wp\/v2\/product\/400363\/revisions"}],"predecessor-version":[{"id":400390,"href":"https:\/\/maisoncleo.com\/fr\/wp-json\/wp\/v2\/product\/400363\/revisions\/400390"}],"wp:featuredmedia":[{"embeddable":true,"href":"https:\/\/maisoncleo.com\/fr\/wp-json\/wp\/v2\/media\/400368"}],"wp:attachment":[{"href":"https:\/\/maisoncleo.com\/fr\/wp-json\/wp\/v2\/media?parent=400363"}],"wp:term":[{"taxonomy":"product_brand","embeddable":true,"href":"https:\/\/maisoncleo.com\/fr\/wp-json\/wp\/v2\/product_brand?post=400363"},{"taxonomy":"product_cat","embeddable":true,"href":"https:\/\/maisoncleo.com\/fr\/wp-json\/wp\/v2\/product_cat?post=400363"},{"taxonomy":"product_tag","embeddable":true,"href":"https:\/\/maisoncleo.com\/fr\/wp-json\/wp\/v2\/product_tag?post=400363"}],"curies":[{"name":"wp","href":"https:\/\/api.w.org\/{rel}","templated":true}]}}