{"id":400337,"date":"2026-02-16T14:18:47","date_gmt":"2026-02-16T12:18:47","guid":{"rendered":"https:\/\/maisoncleo.com\/?post_type=product&#038;p=400337"},"modified":"2026-04-28T14:21:09","modified_gmt":"2026-04-28T12:21:09","slug":"la-badoule-look-24-sac-la-badoule-en-soie-sauvage-beige-avec-anse-en-crochet-copie","status":"publish","type":"product","link":"https:\/\/maisoncleo.com\/fr\/shop\/la-badoule-look-24-sac-la-badoule-en-soie-sauvage-beige-avec-anse-en-crochet-copie\/","title":{"rendered":"READY-TO-SHIP &#8211; Sac LA BADOULE en soie sauvage beige avec anse en crochet"},"content":{"rendered":"<p>Sac en soie sauvage beige avec anse en crochet.<\/p>\n<p>Sac baguette, fermeture \u00e9clair noir, forme arrondie, large anse avec bandes de crochets cousus, boucle d\u00e9corative sur la anse, deux grigris fleurs en noix de coco.<\/p>\n<p>Lien sur le c\u00f4t\u00e9 du sac pour accrocher votre porte cl\u00e9s.<\/p>\n<p>Enti\u00e8rement doubl\u00e9 avec un tissu aubergine en vynil. Petite poche int\u00e9rieure.<\/p>\n<p>Longueur : 33 cm \/ Hauteur : 13 cm \/ Longueur de la anse : 56 cm. Profondeur : 7 cm.<\/p>\n<p>LOOK 24 de notre pr\u00e9 collection printemps \u00e9t\u00e9 \u00ab\u00a0LA BADOULE\u00a0\u00bb.<\/p>\n","protected":false},"excerpt":{"rendered":"<p>Sac en soie sauvage beige avec anse en crochet. Sac baguette, fermeture \u00e9clair noir, forme arrondie, large anse avec bandes de crochets&hellip;<\/p>\n","protected":false},"featured_media":356335,"template":"","meta":[],"product_brand":[],"product_cat":[913],"product_tag":[],"class_list":{"0":"post-400337","1":"product","2":"type-product","3":"status-publish","4":"has-post-thumbnail","6":"product_cat-ready-to-ship","8":"first","9":"instock","10":"taxable","11":"shipping-taxable","12":"purchasable","13":"product-type-variable"},"_links":{"self":[{"href":"https:\/\/maisoncleo.com\/fr\/wp-json\/wp\/v2\/product\/400337","targetHints":{"allow":["GET"]}}],"collection":[{"href":"https:\/\/maisoncleo.com\/fr\/wp-json\/wp\/v2\/product"}],"about":[{"href":"https:\/\/maisoncleo.com\/fr\/wp-json\/wp\/v2\/types\/product"}],"version-history":[{"count":2,"href":"https:\/\/maisoncleo.com\/fr\/wp-json\/wp\/v2\/product\/400337\/revisions"}],"predecessor-version":[{"id":400342,"href":"https:\/\/maisoncleo.com\/fr\/wp-json\/wp\/v2\/product\/400337\/revisions\/400342"}],"wp:featuredmedia":[{"embeddable":true,"href":"https:\/\/maisoncleo.com\/fr\/wp-json\/wp\/v2\/media\/356335"}],"wp:attachment":[{"href":"https:\/\/maisoncleo.com\/fr\/wp-json\/wp\/v2\/media?parent=400337"}],"wp:term":[{"taxonomy":"product_brand","embeddable":true,"href":"https:\/\/maisoncleo.com\/fr\/wp-json\/wp\/v2\/product_brand?post=400337"},{"taxonomy":"product_cat","embeddable":true,"href":"https:\/\/maisoncleo.com\/fr\/wp-json\/wp\/v2\/product_cat?post=400337"},{"taxonomy":"product_tag","embeddable":true,"href":"https:\/\/maisoncleo.com\/fr\/wp-json\/wp\/v2\/product_tag?post=400337"}],"curies":[{"name":"wp","href":"https:\/\/api.w.org\/{rel}","templated":true}]}}