{"id":400322,"date":"2026-02-17T13:39:45","date_gmt":"2026-02-17T11:39:45","guid":{"rendered":"https:\/\/maisoncleo.com\/?post_type=product&#038;p=400322"},"modified":"2026-04-28T13:42:15","modified_gmt":"2026-04-28T11:42:15","slug":"blouse-cache-coeur-volantee-en-coton-vichy-rouge-gisele-copie","status":"publish","type":"product","link":"https:\/\/maisoncleo.com\/fr\/shop\/blouse-cache-coeur-volantee-en-coton-vichy-rouge-gisele-copie\/","title":{"rendered":"READY-TO-SHIP &#8211; Blouse cache-coeur volant\u00e9e en coton vichy rouge Gis\u00e8le"},"content":{"rendered":"<p>Notre blouse Gis\u00e8le, fabriqu\u00e9e dans un coton vichy rouge. Manches courtes, rang\u00e9es de volants, deux liens fins \u00e0 nouer sur le c\u00f4t\u00e9. 100% coton.<\/p>\n<p>Deux fa\u00e7ons de la porter : A nouer autour de la taille en version cache-coeur pour la fermer enti\u00e8rement, ou \u00e0 nouer les deux liens sur le dessous de la poitrine pour un look pour aventurier.<\/p>\n<p>Longueur : 51 cm.<\/p>\n<p>La mod\u00e8le mesure 1m73 et porte une taille 36.<\/p>\n","protected":false},"excerpt":{"rendered":"<p>Notre blouse Gis\u00e8le, fabriqu\u00e9e dans un coton vichy rouge. Manches courtes, rang\u00e9es de volants, deux liens fins \u00e0 nouer sur le c\u00f4t\u00e9.&hellip;<\/p>\n","protected":false},"featured_media":385036,"template":"","meta":[],"product_brand":[],"product_cat":[913],"product_tag":[],"class_list":{"0":"post-400322","1":"product","2":"type-product","3":"status-publish","4":"has-post-thumbnail","6":"product_cat-ready-to-ship","8":"first","9":"instock","10":"taxable","11":"shipping-taxable","12":"purchasable","13":"product-type-variable"},"_links":{"self":[{"href":"https:\/\/maisoncleo.com\/fr\/wp-json\/wp\/v2\/product\/400322","targetHints":{"allow":["GET"]}}],"collection":[{"href":"https:\/\/maisoncleo.com\/fr\/wp-json\/wp\/v2\/product"}],"about":[{"href":"https:\/\/maisoncleo.com\/fr\/wp-json\/wp\/v2\/types\/product"}],"version-history":[{"count":2,"href":"https:\/\/maisoncleo.com\/fr\/wp-json\/wp\/v2\/product\/400322\/revisions"}],"predecessor-version":[{"id":400332,"href":"https:\/\/maisoncleo.com\/fr\/wp-json\/wp\/v2\/product\/400322\/revisions\/400332"}],"wp:featuredmedia":[{"embeddable":true,"href":"https:\/\/maisoncleo.com\/fr\/wp-json\/wp\/v2\/media\/385036"}],"wp:attachment":[{"href":"https:\/\/maisoncleo.com\/fr\/wp-json\/wp\/v2\/media?parent=400322"}],"wp:term":[{"taxonomy":"product_brand","embeddable":true,"href":"https:\/\/maisoncleo.com\/fr\/wp-json\/wp\/v2\/product_brand?post=400322"},{"taxonomy":"product_cat","embeddable":true,"href":"https:\/\/maisoncleo.com\/fr\/wp-json\/wp\/v2\/product_cat?post=400322"},{"taxonomy":"product_tag","embeddable":true,"href":"https:\/\/maisoncleo.com\/fr\/wp-json\/wp\/v2\/product_tag?post=400322"}],"curies":[{"name":"wp","href":"https:\/\/api.w.org\/{rel}","templated":true}]}}