{"id":400304,"date":"2026-02-18T13:28:13","date_gmt":"2026-02-18T11:28:13","guid":{"rendered":"https:\/\/maisoncleo.com\/?post_type=product&#038;p=400304"},"modified":"2026-04-28T13:38:17","modified_gmt":"2026-04-28T11:38:17","slug":"le-pack-cute-maisoncleo-x-yolaine-paris-blouse-angele-rouge-a-levres-daphne-pinceau-accessoire-cheveux-copie","status":"publish","type":"product","link":"https:\/\/maisoncleo.com\/fr\/shop\/le-pack-cute-maisoncleo-x-yolaine-paris-blouse-angele-rouge-a-levres-daphne-pinceau-accessoire-cheveux-copie\/","title":{"rendered":"READY-TO-SHIP &#8211; \u00ab\u00a0Le Pack Cute\u00a0\u00bb : MAISONCL\u00c9O X YOLAINE PARIS : Blouse Ang\u00e8le + rouge \u00e0 l\u00e8vres Daphn\u00e9 + pinceau + accessoire cheveux"},"content":{"rendered":"<p>La collaboration la plus f\u00e9minine de la rentr\u00e9e entre MaisonCl\u00e9o et Yolaine Paris!<\/p>\n<p>Yolaine Paris est une marque fond\u00e9e par la muse parisienne Camille Yolaine, incarnation de la \u00ab\u00a0beaut\u00e9 \u00e0 la fran\u00e7aise\u00a0\u00bb. Elle a fond\u00e9e une ligne de maquillage fabriqu\u00e9 en Italie inspir\u00e9e par le monde de la peinture et du vintage.<\/p>\n<p>Nos styles sont similaires donc nous nous sommes r\u00e9unies ici en cr\u00e9ant 3 packs pour la rentr\u00e9e : Le pack basique, le pack cute, et le pack sexy. Choisissez le votre!<\/p>\n<p>Le pack cute :<\/p>\n<p>Est compos\u00e9 de :<\/p>\n<ul>\n<li>&#8211; La blouse Ang\u00e8le \u00e0 motifs fleuris framboise, manches 3\/4 avec \u00e9lastiques et volants, liens \u00e0 nouer sur le devant, grand double col avec broderies fleuries. 100% coton.<\/li>\n<li>&#8211; Un rouge \u00e0 l\u00e8vres Yolaine Paris.<\/li>\n<li>&#8211; L&rsquo;accessoire cheveux assorti \u00e0 la blouse : un bandeau.<\/li>\n<\/ul>\n","protected":false},"excerpt":{"rendered":"<p>La collaboration la plus f\u00e9minine de la rentr\u00e9e entre MaisonCl\u00e9o et Yolaine Paris! Yolaine Paris est une marque fond\u00e9e par la muse&hellip;<\/p>\n","protected":false},"featured_media":352266,"template":"","meta":[],"product_brand":[],"product_cat":[913],"product_tag":[],"class_list":{"0":"post-400304","1":"product","2":"type-product","3":"status-publish","4":"has-post-thumbnail","6":"product_cat-ready-to-ship","8":"first","9":"instock","10":"taxable","11":"shipping-taxable","12":"purchasable","13":"product-type-variable"},"_links":{"self":[{"href":"https:\/\/maisoncleo.com\/fr\/wp-json\/wp\/v2\/product\/400304","targetHints":{"allow":["GET"]}}],"collection":[{"href":"https:\/\/maisoncleo.com\/fr\/wp-json\/wp\/v2\/product"}],"about":[{"href":"https:\/\/maisoncleo.com\/fr\/wp-json\/wp\/v2\/types\/product"}],"version-history":[{"count":2,"href":"https:\/\/maisoncleo.com\/fr\/wp-json\/wp\/v2\/product\/400304\/revisions"}],"predecessor-version":[{"id":400314,"href":"https:\/\/maisoncleo.com\/fr\/wp-json\/wp\/v2\/product\/400304\/revisions\/400314"}],"wp:featuredmedia":[{"embeddable":true,"href":"https:\/\/maisoncleo.com\/fr\/wp-json\/wp\/v2\/media\/352266"}],"wp:attachment":[{"href":"https:\/\/maisoncleo.com\/fr\/wp-json\/wp\/v2\/media?parent=400304"}],"wp:term":[{"taxonomy":"product_brand","embeddable":true,"href":"https:\/\/maisoncleo.com\/fr\/wp-json\/wp\/v2\/product_brand?post=400304"},{"taxonomy":"product_cat","embeddable":true,"href":"https:\/\/maisoncleo.com\/fr\/wp-json\/wp\/v2\/product_cat?post=400304"},{"taxonomy":"product_tag","embeddable":true,"href":"https:\/\/maisoncleo.com\/fr\/wp-json\/wp\/v2\/product_tag?post=400304"}],"curies":[{"name":"wp","href":"https:\/\/api.w.org\/{rel}","templated":true}]}}