{"id":400283,"date":"2026-02-17T13:14:33","date_gmt":"2026-02-17T11:14:33","guid":{"rendered":"https:\/\/maisoncleo.com\/?post_type=product&#038;p=400283"},"modified":"2026-04-28T13:16:58","modified_gmt":"2026-04-28T11:16:58","slug":"le-pack-intemporel-maisoncleo-x-yolaine-paris-blouse-agnes-rouge-a-levres-chouchou-copie","status":"publish","type":"product","link":"https:\/\/maisoncleo.com\/fr\/shop\/le-pack-intemporel-maisoncleo-x-yolaine-paris-blouse-agnes-rouge-a-levres-chouchou-copie\/","title":{"rendered":"READY-TO-SHIP &#8211; \u201cLe Pack Intemporel\u201d : MAISONCL\u00c9O X YOLAINE PARIS : Blouse Agn\u00e8s + rouge \u00e0 l\u00e8vres + chouchou"},"content":{"rendered":"<p><span style=\"font-family: arial, sans-serif;\">Le <span class=\"il\">pack<\/span> Intemporel e<\/span><span style=\"font-family: arial, sans-serif;\">st compos\u00e9 de :<\/span><\/p>\n<ul>\n<li><span style=\"font-family: arial, sans-serif;\">\u2013 La blouse Agnes en coton blanc avec dentelle fleurie, manches 3\/4, liens \u00e0 nouer sur le devant. 100% coton avec dentelle de Calais fleurie.<\/span><\/li>\n<li><span style=\"font-family: arial, sans-serif;\">\u2013 Un rouge \u00e0 l\u00e8vres de Yolaine Paris.<\/span><\/li>\n<li><span style=\"font-family: arial, sans-serif;\">\u2013 L&rsquo;accessoire cheveux : Nous avons fait un chouchou en coton blanc bord\u00e9 de dentelle fleurie pour aller avec la blouse.<\/span><\/li>\n<\/ul>\n","protected":false},"excerpt":{"rendered":"<p>Le pack Intemporel est compos\u00e9 de : \u2013 La blouse Agnes en coton blanc avec dentelle fleurie, manches 3\/4, liens \u00e0 nouer&hellip;<\/p>\n","protected":false},"featured_media":358865,"template":"","meta":[],"product_brand":[],"product_cat":[913],"product_tag":[],"class_list":{"0":"post-400283","1":"product","2":"type-product","3":"status-publish","4":"has-post-thumbnail","6":"product_cat-ready-to-ship","8":"first","9":"instock","10":"taxable","11":"shipping-taxable","12":"purchasable","13":"product-type-variable"},"_links":{"self":[{"href":"https:\/\/maisoncleo.com\/fr\/wp-json\/wp\/v2\/product\/400283","targetHints":{"allow":["GET"]}}],"collection":[{"href":"https:\/\/maisoncleo.com\/fr\/wp-json\/wp\/v2\/product"}],"about":[{"href":"https:\/\/maisoncleo.com\/fr\/wp-json\/wp\/v2\/types\/product"}],"version-history":[{"count":2,"href":"https:\/\/maisoncleo.com\/fr\/wp-json\/wp\/v2\/product\/400283\/revisions"}],"predecessor-version":[{"id":400293,"href":"https:\/\/maisoncleo.com\/fr\/wp-json\/wp\/v2\/product\/400283\/revisions\/400293"}],"wp:featuredmedia":[{"embeddable":true,"href":"https:\/\/maisoncleo.com\/fr\/wp-json\/wp\/v2\/media\/358865"}],"wp:attachment":[{"href":"https:\/\/maisoncleo.com\/fr\/wp-json\/wp\/v2\/media?parent=400283"}],"wp:term":[{"taxonomy":"product_brand","embeddable":true,"href":"https:\/\/maisoncleo.com\/fr\/wp-json\/wp\/v2\/product_brand?post=400283"},{"taxonomy":"product_cat","embeddable":true,"href":"https:\/\/maisoncleo.com\/fr\/wp-json\/wp\/v2\/product_cat?post=400283"},{"taxonomy":"product_tag","embeddable":true,"href":"https:\/\/maisoncleo.com\/fr\/wp-json\/wp\/v2\/product_tag?post=400283"}],"curies":[{"name":"wp","href":"https:\/\/api.w.org\/{rel}","templated":true}]}}