{"id":400260,"date":"2026-02-16T13:08:09","date_gmt":"2026-02-16T11:08:09","guid":{"rendered":"https:\/\/maisoncleo.com\/?post_type=product&#038;p=400260"},"modified":"2026-04-28T13:10:47","modified_gmt":"2026-04-28T11:10:47","slug":"longue-robe-sirene-tricotee-a-sequins-marrons-clairs-tristana-copie","status":"publish","type":"product","link":"https:\/\/maisoncleo.com\/fr\/shop\/longue-robe-sirene-tricotee-a-sequins-marrons-clairs-tristana-copie\/","title":{"rendered":"READY-TO-SHIP &#8211; Longue robe sir\u00e8ne tricot\u00e9e \u00e0 sequins marrons clairs Tristana"},"content":{"rendered":"<p>Notre longue robe sir\u00e8ne tricot\u00e9e \u00e0 sequins marrons clairs.<\/p>\n<p>Fines bretelles, d\u00e9collet\u00e9e. Coupe ajust\u00e9e. Finitions inspiration queue de sir\u00e8ne, fente sur chaque c\u00f4t\u00e9.<\/p>\n<p>Soigneusement tricot\u00e9e par nos tricoteuses avec un fil incrust\u00e9 de sequins marrons clairs.<\/p>\n<p>Nous avons besoin de trois heures pour faire une robe.<\/p>\n<p>Longueur \u00e0 plat: 118 cm. Encolure: 11 cm. Fente: 30 cm.<\/p>\n<p>La mod\u00e8le mesure 1m73 et porte une taille S-36.<\/p>\n","protected":false},"excerpt":{"rendered":"<p>Notre longue robe sir\u00e8ne tricot\u00e9e \u00e0 sequins marrons clairs. Fines bretelles, d\u00e9collet\u00e9e. Coupe ajust\u00e9e. Finitions inspiration queue de sir\u00e8ne, fente sur chaque&hellip;<\/p>\n","protected":false},"featured_media":350651,"template":"","meta":[],"product_brand":[],"product_cat":[913],"product_tag":[],"class_list":{"0":"post-400260","1":"product","2":"type-product","3":"status-publish","4":"has-post-thumbnail","6":"product_cat-ready-to-ship","8":"first","9":"instock","10":"taxable","11":"shipping-taxable","12":"purchasable","13":"product-type-variable"},"_links":{"self":[{"href":"https:\/\/maisoncleo.com\/fr\/wp-json\/wp\/v2\/product\/400260","targetHints":{"allow":["GET"]}}],"collection":[{"href":"https:\/\/maisoncleo.com\/fr\/wp-json\/wp\/v2\/product"}],"about":[{"href":"https:\/\/maisoncleo.com\/fr\/wp-json\/wp\/v2\/types\/product"}],"version-history":[{"count":2,"href":"https:\/\/maisoncleo.com\/fr\/wp-json\/wp\/v2\/product\/400260\/revisions"}],"predecessor-version":[{"id":400275,"href":"https:\/\/maisoncleo.com\/fr\/wp-json\/wp\/v2\/product\/400260\/revisions\/400275"}],"wp:featuredmedia":[{"embeddable":true,"href":"https:\/\/maisoncleo.com\/fr\/wp-json\/wp\/v2\/media\/350651"}],"wp:attachment":[{"href":"https:\/\/maisoncleo.com\/fr\/wp-json\/wp\/v2\/media?parent=400260"}],"wp:term":[{"taxonomy":"product_brand","embeddable":true,"href":"https:\/\/maisoncleo.com\/fr\/wp-json\/wp\/v2\/product_brand?post=400260"},{"taxonomy":"product_cat","embeddable":true,"href":"https:\/\/maisoncleo.com\/fr\/wp-json\/wp\/v2\/product_cat?post=400260"},{"taxonomy":"product_tag","embeddable":true,"href":"https:\/\/maisoncleo.com\/fr\/wp-json\/wp\/v2\/product_tag?post=400260"}],"curies":[{"name":"wp","href":"https:\/\/api.w.org\/{rel}","templated":true}]}}