{"id":400242,"date":"2026-02-15T13:01:42","date_gmt":"2026-02-15T11:01:42","guid":{"rendered":"https:\/\/maisoncleo.com\/?post_type=product&#038;p=400242"},"modified":"2026-04-28T13:05:23","modified_gmt":"2026-04-28T11:05:23","slug":"valentines-blouse-malya-en-soie-rouge-profond-et-grand-voilage-brode-copie","status":"publish","type":"product","link":"https:\/\/maisoncleo.com\/fr\/shop\/valentines-blouse-malya-en-soie-rouge-profond-et-grand-voilage-brode-copie\/","title":{"rendered":"READY-TO-SHIP &#8211; Blouse MALYA en soie rouge profond et grand voilage brod\u00e9"},"content":{"rendered":"<p><span style=\"font-weight: 400;\">Blouse en soie rouge profond et grand voilage brod\u00e9, petites manches bouffantes, 3 liens sur le devant.<\/span><\/p>\n<p>Sublime couleur de soie rouge profond. Romantique!<\/p>\n<p><span style=\"font-weight: 400;\">Longueur : 37 cm.<\/span><\/p>\n<p><span style=\"font-weight: 400;\">Fait partie de notre capsule tr\u00e8s limit\u00e9e pour la Saint-Valentin.<\/span><\/p>\n<p>Edit : Nous avons trouv\u00e9 une nouvelle broderie trop mignonne! Voir deux derni\u00e8res photos. Le nouveau volant utilis\u00e9 pour cette blouse est celui de droite sur l&rsquo;avant derni\u00e8re photo, et celui sur la derni\u00e8re photo.<\/p>\n","protected":false},"excerpt":{"rendered":"<p>Blouse en soie rouge profond et grand voilage brod\u00e9, petites manches bouffantes, 3 liens sur le devant. Sublime couleur de soie rouge&hellip;<\/p>\n","protected":false},"featured_media":383644,"template":"","meta":[],"product_brand":[],"product_cat":[913],"product_tag":[],"class_list":{"0":"post-400242","1":"product","2":"type-product","3":"status-publish","4":"has-post-thumbnail","6":"product_cat-ready-to-ship","8":"first","9":"instock","10":"taxable","11":"shipping-taxable","12":"purchasable","13":"product-type-variable"},"_links":{"self":[{"href":"https:\/\/maisoncleo.com\/fr\/wp-json\/wp\/v2\/product\/400242","targetHints":{"allow":["GET"]}}],"collection":[{"href":"https:\/\/maisoncleo.com\/fr\/wp-json\/wp\/v2\/product"}],"about":[{"href":"https:\/\/maisoncleo.com\/fr\/wp-json\/wp\/v2\/types\/product"}],"version-history":[{"count":2,"href":"https:\/\/maisoncleo.com\/fr\/wp-json\/wp\/v2\/product\/400242\/revisions"}],"predecessor-version":[{"id":400252,"href":"https:\/\/maisoncleo.com\/fr\/wp-json\/wp\/v2\/product\/400242\/revisions\/400252"}],"wp:featuredmedia":[{"embeddable":true,"href":"https:\/\/maisoncleo.com\/fr\/wp-json\/wp\/v2\/media\/383644"}],"wp:attachment":[{"href":"https:\/\/maisoncleo.com\/fr\/wp-json\/wp\/v2\/media?parent=400242"}],"wp:term":[{"taxonomy":"product_brand","embeddable":true,"href":"https:\/\/maisoncleo.com\/fr\/wp-json\/wp\/v2\/product_brand?post=400242"},{"taxonomy":"product_cat","embeddable":true,"href":"https:\/\/maisoncleo.com\/fr\/wp-json\/wp\/v2\/product_cat?post=400242"},{"taxonomy":"product_tag","embeddable":true,"href":"https:\/\/maisoncleo.com\/fr\/wp-json\/wp\/v2\/product_tag?post=400242"}],"curies":[{"name":"wp","href":"https:\/\/api.w.org\/{rel}","templated":true}]}}