{"id":400171,"date":"2026-02-15T16:52:15","date_gmt":"2026-02-15T14:52:15","guid":{"rendered":"https:\/\/maisoncleo.com\/?post_type=product&#038;p=400171"},"modified":"2026-04-23T16:59:57","modified_gmt":"2026-04-23T14:59:57","slug":"robe-boutonnee-jenna-en-soie-jacquard-fleuri-vert-copie","status":"publish","type":"product","link":"https:\/\/maisoncleo.com\/fr\/shop\/robe-boutonnee-jenna-en-soie-jacquard-fleuri-vert-copie\/","title":{"rendered":"READY-TO-SHIP &#8211; Robe boutonn\u00e9e Jenna en soie jacquard fleuri vert"},"content":{"rendered":"<p>Robe boutonn\u00e9e en soie vert jacquard. Manches courtes, col ouvert, enti\u00e8rement boutonn\u00e9e sur le c\u00f4t\u00e9 avec des boutons verts iris\u00e9s. Finition en soie verte sur les bords, fente c\u00f4t\u00e9. 100% soie jacquard.<\/p>\n<p>Inspir\u00e9 par la robe Qipao et la culture chinoise qu&rsquo;adore notre fondatrice Marie.<\/p>\n<p>Vous pouvez demander plus de longueur ou une fente moins profonde dans la case commentaires au niveau du panier.<\/p>\n<p>Longueur= 122 cm. La mod\u00e8le mesure 1m68 et porte une taille 34.<\/p>\n<p>A noter : Cette robe en \u00ab\u00a0pr\u00eat-\u00e0-partir\u00a0\u00bb est \u00e0 220 euros au lieu de 320 car il y a une deuxi\u00e8me pince poitrine au lieu de une sur le mod\u00e8le original, voir derni\u00e8re photo.<\/p>\n","protected":false},"excerpt":{"rendered":"<p>Robe boutonn\u00e9e en soie vert jacquard. Manches courtes, col ouvert, enti\u00e8rement boutonn\u00e9e sur le c\u00f4t\u00e9 avec des boutons verts iris\u00e9s. Finition en&hellip;<\/p>\n","protected":false},"featured_media":385553,"template":"","meta":[],"product_brand":[],"product_cat":[913],"product_tag":[],"class_list":{"0":"post-400171","1":"product","2":"type-product","3":"status-publish","4":"has-post-thumbnail","6":"product_cat-ready-to-ship","8":"first","9":"instock","10":"sale","11":"taxable","12":"shipping-taxable","13":"purchasable","14":"product-type-variable"},"_links":{"self":[{"href":"https:\/\/maisoncleo.com\/fr\/wp-json\/wp\/v2\/product\/400171","targetHints":{"allow":["GET"]}}],"collection":[{"href":"https:\/\/maisoncleo.com\/fr\/wp-json\/wp\/v2\/product"}],"about":[{"href":"https:\/\/maisoncleo.com\/fr\/wp-json\/wp\/v2\/types\/product"}],"version-history":[{"count":2,"href":"https:\/\/maisoncleo.com\/fr\/wp-json\/wp\/v2\/product\/400171\/revisions"}],"predecessor-version":[{"id":400188,"href":"https:\/\/maisoncleo.com\/fr\/wp-json\/wp\/v2\/product\/400171\/revisions\/400188"}],"wp:featuredmedia":[{"embeddable":true,"href":"https:\/\/maisoncleo.com\/fr\/wp-json\/wp\/v2\/media\/385553"}],"wp:attachment":[{"href":"https:\/\/maisoncleo.com\/fr\/wp-json\/wp\/v2\/media?parent=400171"}],"wp:term":[{"taxonomy":"product_brand","embeddable":true,"href":"https:\/\/maisoncleo.com\/fr\/wp-json\/wp\/v2\/product_brand?post=400171"},{"taxonomy":"product_cat","embeddable":true,"href":"https:\/\/maisoncleo.com\/fr\/wp-json\/wp\/v2\/product_cat?post=400171"},{"taxonomy":"product_tag","embeddable":true,"href":"https:\/\/maisoncleo.com\/fr\/wp-json\/wp\/v2\/product_tag?post=400171"}],"curies":[{"name":"wp","href":"https:\/\/api.w.org\/{rel}","templated":true}]}}