{"id":400106,"date":"2026-02-03T14:40:37","date_gmt":"2026-02-03T12:40:37","guid":{"rendered":"https:\/\/maisoncleo.com\/?post_type=product&#038;p=400106"},"modified":"2026-04-21T15:08:30","modified_gmt":"2026-04-21T13:08:30","slug":"ready-to-ship-robe-longue-sirene-tristana-tricotee-bordeaux-avec-fil-a-sequins-copie","status":"publish","type":"product","link":"https:\/\/maisoncleo.com\/fr\/shop\/ready-to-ship-robe-longue-sirene-tristana-tricotee-bordeaux-avec-fil-a-sequins-copie\/","title":{"rendered":"Pi\u00e8ce unique &#8211; Robe longue sir\u00e8ne tricot\u00e9e bordeaux avec fil \u00e0 sequins fente et volants"},"content":{"rendered":"<p>Robe longue sir\u00e8ne tricot\u00e9e bordeaux avec fil \u00e0 sequins. Avec ses bretelles mi-larges bretelles et son d\u00e9collet\u00e9 arrondi, sa forme sir\u00e8ne assure une coupe flatteuse pour s\u2019ajuster naturellement sur vos courbes.<\/p>\n<p>Coupe asym\u00e9trique avec fente c\u00f4t\u00e9.<\/p>\n<p>La mod\u00e8le mesure 1m68 et porte une taille S-36.<\/p>\n<p>Pi\u00e8ce unique.<\/p>\n","protected":false},"excerpt":{"rendered":"<p>Robe longue sir\u00e8ne tricot\u00e9e bordeaux avec fil \u00e0 sequins. Avec ses bretelles mi-larges bretelles et son d\u00e9collet\u00e9 arrondi, sa forme sir\u00e8ne assure&hellip;<\/p>\n","protected":false},"featured_media":400113,"template":"","meta":[],"product_brand":[],"product_cat":[913],"product_tag":[],"class_list":{"0":"post-400106","1":"product","2":"type-product","3":"status-publish","4":"has-post-thumbnail","6":"product_cat-ready-to-ship","8":"first","9":"instock","10":"taxable","11":"shipping-taxable","12":"purchasable","13":"product-type-variable"},"_links":{"self":[{"href":"https:\/\/maisoncleo.com\/fr\/wp-json\/wp\/v2\/product\/400106","targetHints":{"allow":["GET"]}}],"collection":[{"href":"https:\/\/maisoncleo.com\/fr\/wp-json\/wp\/v2\/product"}],"about":[{"href":"https:\/\/maisoncleo.com\/fr\/wp-json\/wp\/v2\/types\/product"}],"version-history":[{"count":2,"href":"https:\/\/maisoncleo.com\/fr\/wp-json\/wp\/v2\/product\/400106\/revisions"}],"predecessor-version":[{"id":400131,"href":"https:\/\/maisoncleo.com\/fr\/wp-json\/wp\/v2\/product\/400106\/revisions\/400131"}],"wp:featuredmedia":[{"embeddable":true,"href":"https:\/\/maisoncleo.com\/fr\/wp-json\/wp\/v2\/media\/400113"}],"wp:attachment":[{"href":"https:\/\/maisoncleo.com\/fr\/wp-json\/wp\/v2\/media?parent=400106"}],"wp:term":[{"taxonomy":"product_brand","embeddable":true,"href":"https:\/\/maisoncleo.com\/fr\/wp-json\/wp\/v2\/product_brand?post=400106"},{"taxonomy":"product_cat","embeddable":true,"href":"https:\/\/maisoncleo.com\/fr\/wp-json\/wp\/v2\/product_cat?post=400106"},{"taxonomy":"product_tag","embeddable":true,"href":"https:\/\/maisoncleo.com\/fr\/wp-json\/wp\/v2\/product_tag?post=400106"}],"curies":[{"name":"wp","href":"https:\/\/api.w.org\/{rel}","templated":true}]}}