{"id":400088,"date":"2026-02-02T14:22:26","date_gmt":"2026-02-02T12:22:26","guid":{"rendered":"https:\/\/maisoncleo.com\/?post_type=product&#038;p=400088"},"modified":"2026-04-21T14:39:33","modified_gmt":"2026-04-21T12:39:33","slug":"robe-longue-sirene-tristana-tricotee-bordeaux-avec-fil-a-sequins-capsule-lamour-copie","status":"publish","type":"product","link":"https:\/\/maisoncleo.com\/fr\/shop\/robe-longue-sirene-tristana-tricotee-bordeaux-avec-fil-a-sequins-capsule-lamour-copie\/","title":{"rendered":"READY-TO-SHIP &#8211; Robe longue sir\u00e8ne TRISTANA tricot\u00e9e bordeaux avec fil \u00e0 sequins"},"content":{"rendered":"<p>Robe longue sir\u00e8ne tricot\u00e9e bordeaux avec fil \u00e0 sequins. Avec ses fines bretelles et son d\u00e9collet\u00e9 arrondi, sa forme sir\u00e8ne assure une coupe flatteuse pour s\u2019ajuster naturellement sur vos courbes. Finitions inspiration queue de sir\u00e8ne, fente sur chaque c\u00f4t\u00e9.<\/p>\n<p>La mod\u00e8le mesure 1m68 et porte une taille S-36.<\/p>\n","protected":false},"excerpt":{"rendered":"<p>Robe longue sir\u00e8ne tricot\u00e9e bordeaux avec fil \u00e0 sequins. Avec ses fines bretelles et son d\u00e9collet\u00e9 arrondi, sa forme sir\u00e8ne assure une&hellip;<\/p>\n","protected":false},"featured_media":354730,"template":"","meta":[],"product_brand":[],"product_cat":[913],"product_tag":[],"class_list":{"0":"post-400088","1":"product","2":"type-product","3":"status-publish","4":"has-post-thumbnail","6":"product_cat-ready-to-ship","8":"first","9":"instock","10":"taxable","11":"shipping-taxable","12":"purchasable","13":"product-type-variable"},"_links":{"self":[{"href":"https:\/\/maisoncleo.com\/fr\/wp-json\/wp\/v2\/product\/400088","targetHints":{"allow":["GET"]}}],"collection":[{"href":"https:\/\/maisoncleo.com\/fr\/wp-json\/wp\/v2\/product"}],"about":[{"href":"https:\/\/maisoncleo.com\/fr\/wp-json\/wp\/v2\/types\/product"}],"version-history":[{"count":2,"href":"https:\/\/maisoncleo.com\/fr\/wp-json\/wp\/v2\/product\/400088\/revisions"}],"predecessor-version":[{"id":400103,"href":"https:\/\/maisoncleo.com\/fr\/wp-json\/wp\/v2\/product\/400088\/revisions\/400103"}],"wp:featuredmedia":[{"embeddable":true,"href":"https:\/\/maisoncleo.com\/fr\/wp-json\/wp\/v2\/media\/354730"}],"wp:attachment":[{"href":"https:\/\/maisoncleo.com\/fr\/wp-json\/wp\/v2\/media?parent=400088"}],"wp:term":[{"taxonomy":"product_brand","embeddable":true,"href":"https:\/\/maisoncleo.com\/fr\/wp-json\/wp\/v2\/product_brand?post=400088"},{"taxonomy":"product_cat","embeddable":true,"href":"https:\/\/maisoncleo.com\/fr\/wp-json\/wp\/v2\/product_cat?post=400088"},{"taxonomy":"product_tag","embeddable":true,"href":"https:\/\/maisoncleo.com\/fr\/wp-json\/wp\/v2\/product_tag?post=400088"}],"curies":[{"name":"wp","href":"https:\/\/api.w.org\/{rel}","templated":true}]}}