{"id":400034,"date":"2026-01-29T16:05:44","date_gmt":"2026-01-29T14:05:44","guid":{"rendered":"https:\/\/maisoncleo.com\/?post_type=product&#038;p=400034"},"modified":"2026-04-20T16:07:19","modified_gmt":"2026-04-20T14:07:19","slug":"la-poupette-defile-look-24-sac-en-crochet-beige-fantig-avec-anses-satinee-copie","status":"publish","type":"product","link":"https:\/\/maisoncleo.com\/fr\/shop\/la-poupette-defile-look-24-sac-en-crochet-beige-fantig-avec-anses-satinee-copie\/","title":{"rendered":"READY-TO-SHIP &#8211; Sac en crochet beige FANTIG avec anses satin\u00e9e"},"content":{"rendered":"<p>Sac en crochet beige l\u00e9g\u00e8rement satin\u00e9 avec anses en satin, sublime mati\u00e8re en crochet dentell\u00e9 provenant d&rsquo;une maison de Couture Italienne. Petits noeuds avec perles sur les anses.<\/p>\n<p>Parfait pour sortir acheter son croissant au coin de la rue ou pour les essentiels de la plage : bikini, cr\u00e8me solaire et lunettes de soleil!<\/p>\n","protected":false},"excerpt":{"rendered":"<p>Sac en crochet beige l\u00e9g\u00e8rement satin\u00e9 avec anses en satin, sublime mati\u00e8re en crochet dentell\u00e9 provenant d&rsquo;une maison de Couture Italienne. Petits&hellip;<\/p>\n","protected":false},"featured_media":353616,"template":"","meta":[],"product_brand":[],"product_cat":[913],"product_tag":[],"class_list":{"0":"post-400034","1":"product","2":"type-product","3":"status-publish","4":"has-post-thumbnail","6":"product_cat-ready-to-ship","8":"first","9":"instock","10":"taxable","11":"shipping-taxable","12":"purchasable","13":"product-type-variable"},"_links":{"self":[{"href":"https:\/\/maisoncleo.com\/fr\/wp-json\/wp\/v2\/product\/400034","targetHints":{"allow":["GET"]}}],"collection":[{"href":"https:\/\/maisoncleo.com\/fr\/wp-json\/wp\/v2\/product"}],"about":[{"href":"https:\/\/maisoncleo.com\/fr\/wp-json\/wp\/v2\/types\/product"}],"version-history":[{"count":2,"href":"https:\/\/maisoncleo.com\/fr\/wp-json\/wp\/v2\/product\/400034\/revisions"}],"predecessor-version":[{"id":400039,"href":"https:\/\/maisoncleo.com\/fr\/wp-json\/wp\/v2\/product\/400034\/revisions\/400039"}],"wp:featuredmedia":[{"embeddable":true,"href":"https:\/\/maisoncleo.com\/fr\/wp-json\/wp\/v2\/media\/353616"}],"wp:attachment":[{"href":"https:\/\/maisoncleo.com\/fr\/wp-json\/wp\/v2\/media?parent=400034"}],"wp:term":[{"taxonomy":"product_brand","embeddable":true,"href":"https:\/\/maisoncleo.com\/fr\/wp-json\/wp\/v2\/product_brand?post=400034"},{"taxonomy":"product_cat","embeddable":true,"href":"https:\/\/maisoncleo.com\/fr\/wp-json\/wp\/v2\/product_cat?post=400034"},{"taxonomy":"product_tag","embeddable":true,"href":"https:\/\/maisoncleo.com\/fr\/wp-json\/wp\/v2\/product_tag?post=400034"}],"curies":[{"name":"wp","href":"https:\/\/api.w.org\/{rel}","templated":true}]}}