{"id":400021,"date":"2026-01-28T16:00:15","date_gmt":"2026-01-28T14:00:15","guid":{"rendered":"https:\/\/maisoncleo.com\/?post_type=product&#038;p=400021"},"modified":"2026-04-20T16:02:57","modified_gmt":"2026-04-20T14:02:57","slug":"la-garnoule-robe-longue-en-coton-noir-avec-dentelles-francaises-rosie-copie","status":"publish","type":"product","link":"https:\/\/maisoncleo.com\/fr\/shop\/la-garnoule-robe-longue-en-coton-noir-avec-dentelles-francaises-rosie-copie\/","title":{"rendered":"READY-TO-SHIP &#8211; Robe longue en coton noir avec dentelles fran\u00e7aises Rosie"},"content":{"rendered":"<p><span style=\"font-weight: 400;\">Robe longue en coton et dentelle d\u00e9licate, petit col rond agr\u00e9ment\u00e9 de dentelle, petites manches bouffantes, <\/span><span style=\"font-weight: 400;\">d\u00e9coupe au niveau de la poitrine, coupe ajust\u00e9e et fluide dans le bas. Lien \u00e0 nouer dans le dos du cou, fermeture \u00e9clair invisible sur le c\u00f4t\u00e9. 100% coton. Longueur : 143 cm.<\/span><\/p>\n<p><span style=\"font-weight: 400;\">La mod\u00e8le mesure 1,75m et porte une taille 38.<\/span><\/p>\n<p>LOOK de notre collection automne hiver \u201cLA GARNOULE\u201d.<\/p>\n","protected":false},"excerpt":{"rendered":"<p>Robe longue en coton et dentelle d\u00e9licate, petit col rond agr\u00e9ment\u00e9 de dentelle, petites manches bouffantes, d\u00e9coupe au niveau de la poitrine,&hellip;<\/p>\n","protected":false},"featured_media":393073,"template":"","meta":[],"product_brand":[],"product_cat":[913],"product_tag":[],"class_list":{"0":"post-400021","1":"product","2":"type-product","3":"status-publish","4":"has-post-thumbnail","6":"product_cat-ready-to-ship","8":"first","9":"instock","10":"taxable","11":"shipping-taxable","12":"purchasable","13":"product-type-variable"},"_links":{"self":[{"href":"https:\/\/maisoncleo.com\/fr\/wp-json\/wp\/v2\/product\/400021","targetHints":{"allow":["GET"]}}],"collection":[{"href":"https:\/\/maisoncleo.com\/fr\/wp-json\/wp\/v2\/product"}],"about":[{"href":"https:\/\/maisoncleo.com\/fr\/wp-json\/wp\/v2\/types\/product"}],"version-history":[{"count":2,"href":"https:\/\/maisoncleo.com\/fr\/wp-json\/wp\/v2\/product\/400021\/revisions"}],"predecessor-version":[{"id":400031,"href":"https:\/\/maisoncleo.com\/fr\/wp-json\/wp\/v2\/product\/400021\/revisions\/400031"}],"wp:featuredmedia":[{"embeddable":true,"href":"https:\/\/maisoncleo.com\/fr\/wp-json\/wp\/v2\/media\/393073"}],"wp:attachment":[{"href":"https:\/\/maisoncleo.com\/fr\/wp-json\/wp\/v2\/media?parent=400021"}],"wp:term":[{"taxonomy":"product_brand","embeddable":true,"href":"https:\/\/maisoncleo.com\/fr\/wp-json\/wp\/v2\/product_brand?post=400021"},{"taxonomy":"product_cat","embeddable":true,"href":"https:\/\/maisoncleo.com\/fr\/wp-json\/wp\/v2\/product_cat?post=400021"},{"taxonomy":"product_tag","embeddable":true,"href":"https:\/\/maisoncleo.com\/fr\/wp-json\/wp\/v2\/product_tag?post=400021"}],"curies":[{"name":"wp","href":"https:\/\/api.w.org\/{rel}","templated":true}]}}