{"id":399443,"date":"2026-04-04T14:00:48","date_gmt":"2026-04-04T12:00:48","guid":{"rendered":"https:\/\/maisoncleo.com\/?post_type=product&#038;p=399443"},"modified":"2026-04-05T09:03:46","modified_gmt":"2026-04-05T07:03:46","slug":"jupe-evasee-en-coton-blanc-et-dentelle-de-calais-fleurie-martina-copie","status":"publish","type":"product","link":"https:\/\/maisoncleo.com\/fr\/shop\/jupe-evasee-en-coton-blanc-et-dentelle-de-calais-fleurie-martina-copie\/","title":{"rendered":"Jupe \u00e9vas\u00e9e en coton brod\u00e9e petite fleurs MARGUE"},"content":{"rendered":"<p><span style=\"font-weight: 400;\">Jupe mi-longue \u00e9vas\u00e9e en coton brod\u00e9e petite fleurs, taille haute, taille \u00e9lastiqu\u00e9e. 100% coton.\u00a0<\/span><\/p>\n<p><span style=\"font-weight: 400;\"> La mod\u00e8le mesure 1m71 et porte une taille S\/36.<\/span><\/p>\n","protected":false},"excerpt":{"rendered":"<p>Jupe mi-longue \u00e9vas\u00e9e en coton brod\u00e9e petite fleurs, taille haute, taille \u00e9lastiqu\u00e9e. 100% coton.\u00a0 La mod\u00e8le mesure 1m71 et porte une taille&hellip;<\/p>\n","protected":false},"featured_media":399469,"template":"","meta":[],"product_brand":[],"product_cat":[672,958,668,661],"product_tag":[],"class_list":{"0":"post-399443","1":"product","2":"type-product","3":"status-publish","4":"has-post-thumbnail","6":"product_cat-jupes","7":"product_cat-mariage-selection","8":"product_cat-capsule","9":"product_cat-tout-voir","11":"first","12":"instock","13":"taxable","14":"shipping-taxable","15":"purchasable","16":"product-type-variable"},"_links":{"self":[{"href":"https:\/\/maisoncleo.com\/fr\/wp-json\/wp\/v2\/product\/399443","targetHints":{"allow":["GET"]}}],"collection":[{"href":"https:\/\/maisoncleo.com\/fr\/wp-json\/wp\/v2\/product"}],"about":[{"href":"https:\/\/maisoncleo.com\/fr\/wp-json\/wp\/v2\/types\/product"}],"version-history":[{"count":2,"href":"https:\/\/maisoncleo.com\/fr\/wp-json\/wp\/v2\/product\/399443\/revisions"}],"predecessor-version":[{"id":399480,"href":"https:\/\/maisoncleo.com\/fr\/wp-json\/wp\/v2\/product\/399443\/revisions\/399480"}],"wp:featuredmedia":[{"embeddable":true,"href":"https:\/\/maisoncleo.com\/fr\/wp-json\/wp\/v2\/media\/399469"}],"wp:attachment":[{"href":"https:\/\/maisoncleo.com\/fr\/wp-json\/wp\/v2\/media?parent=399443"}],"wp:term":[{"taxonomy":"product_brand","embeddable":true,"href":"https:\/\/maisoncleo.com\/fr\/wp-json\/wp\/v2\/product_brand?post=399443"},{"taxonomy":"product_cat","embeddable":true,"href":"https:\/\/maisoncleo.com\/fr\/wp-json\/wp\/v2\/product_cat?post=399443"},{"taxonomy":"product_tag","embeddable":true,"href":"https:\/\/maisoncleo.com\/fr\/wp-json\/wp\/v2\/product_tag?post=399443"}],"curies":[{"name":"wp","href":"https:\/\/api.w.org\/{rel}","templated":true}]}}