{"id":399347,"date":"2026-04-04T23:19:21","date_gmt":"2026-04-04T21:19:21","guid":{"rendered":"https:\/\/maisoncleo.com\/?post_type=product&#038;p=399347"},"modified":"2026-04-05T08:48:17","modified_gmt":"2026-04-05T06:48:17","slug":"jupe-sirene-en-coton-blanc-et-dentelle-de-calais-andrea-copie-3","status":"publish","type":"product","link":"https:\/\/maisoncleo.com\/fr\/shop\/jupe-sirene-en-coton-blanc-et-dentelle-de-calais-andrea-copie-3\/","title":{"rendered":"Jupe sir\u00e8ne en coton vichy jaune et dentelle de Calais ANDREA"},"content":{"rendered":"<p>Jupe sir\u00e8ne en coton vichy jaune et dentelle de Calais fleurie.<\/p>\n<p>Taille haute, coupe cintr\u00e9e avec une coupe sir\u00e8ne dans le bas, fermeture invisible, v\u00e9ritable dentelle de Calais fleurie. 100% coton.<\/p>\n<p>La mod\u00e8le mesure 1m71 et porte une taille S\/36.<\/p>\n","protected":false},"excerpt":{"rendered":"<p>Jupe sir\u00e8ne en coton vichy jaune et dentelle de Calais fleurie. Taille haute, coupe cintr\u00e9e avec une coupe sir\u00e8ne dans le bas,&hellip;<\/p>\n","protected":false},"featured_media":399359,"template":"","meta":[],"product_brand":[],"product_cat":[672,668,661],"product_tag":[],"class_list":{"0":"post-399347","1":"product","2":"type-product","3":"status-publish","4":"has-post-thumbnail","6":"product_cat-jupes","7":"product_cat-capsule","8":"product_cat-tout-voir","10":"first","11":"instock","12":"taxable","13":"shipping-taxable","14":"purchasable","15":"product-type-variable"},"_links":{"self":[{"href":"https:\/\/maisoncleo.com\/fr\/wp-json\/wp\/v2\/product\/399347","targetHints":{"allow":["GET"]}}],"collection":[{"href":"https:\/\/maisoncleo.com\/fr\/wp-json\/wp\/v2\/product"}],"about":[{"href":"https:\/\/maisoncleo.com\/fr\/wp-json\/wp\/v2\/types\/product"}],"version-history":[{"count":2,"href":"https:\/\/maisoncleo.com\/fr\/wp-json\/wp\/v2\/product\/399347\/revisions"}],"predecessor-version":[{"id":399382,"href":"https:\/\/maisoncleo.com\/fr\/wp-json\/wp\/v2\/product\/399347\/revisions\/399382"}],"wp:featuredmedia":[{"embeddable":true,"href":"https:\/\/maisoncleo.com\/fr\/wp-json\/wp\/v2\/media\/399359"}],"wp:attachment":[{"href":"https:\/\/maisoncleo.com\/fr\/wp-json\/wp\/v2\/media?parent=399347"}],"wp:term":[{"taxonomy":"product_brand","embeddable":true,"href":"https:\/\/maisoncleo.com\/fr\/wp-json\/wp\/v2\/product_brand?post=399347"},{"taxonomy":"product_cat","embeddable":true,"href":"https:\/\/maisoncleo.com\/fr\/wp-json\/wp\/v2\/product_cat?post=399347"},{"taxonomy":"product_tag","embeddable":true,"href":"https:\/\/maisoncleo.com\/fr\/wp-json\/wp\/v2\/product_tag?post=399347"}],"curies":[{"name":"wp","href":"https:\/\/api.w.org\/{rel}","templated":true}]}}