{"id":399285,"date":"2026-04-04T14:30:42","date_gmt":"2026-04-04T12:30:42","guid":{"rendered":"https:\/\/maisoncleo.com\/?post_type=product&#038;p=399285"},"modified":"2026-04-05T08:35:22","modified_gmt":"2026-04-05T06:35:22","slug":"jupe-en-coton-blanc-et-dentelle-de-calais-bernie-copie","status":"publish","type":"product","link":"https:\/\/maisoncleo.com\/fr\/shop\/jupe-en-coton-blanc-et-dentelle-de-calais-bernie-copie\/","title":{"rendered":"Blouse chemise en coton blanc BERNADETTE avec dentelle de Calais fleurie"},"content":{"rendered":"<p>Blouse chemise en coton blanc avec dentelle de Calais fleurie.<\/p>\n<p>Coupe oversize \u00e9vas\u00e9e, manches longues bouffantes, col arrondi, plis, partie en v\u00e9ritable dentelle de Calais fleurie. 100% coton.<\/p>\n<p>La mod\u00e8le mesure 1m71 et porte une taille S\/36.<\/p>\n","protected":false},"excerpt":{"rendered":"<p>Blouse chemise en coton blanc avec dentelle de Calais fleurie. Coupe oversize \u00e9vas\u00e9e, manches longues bouffantes, col arrondi, plis, partie en v\u00e9ritable&hellip;<\/p>\n","protected":false},"featured_media":399258,"template":"","meta":[],"product_brand":[],"product_cat":[663,668,661],"product_tag":[],"class_list":{"0":"post-399285","1":"product","2":"type-product","3":"status-publish","4":"has-post-thumbnail","6":"product_cat-blouses","7":"product_cat-capsule","8":"product_cat-tout-voir","10":"first","11":"instock","12":"taxable","13":"shipping-taxable","14":"purchasable","15":"product-type-variable"},"_links":{"self":[{"href":"https:\/\/maisoncleo.com\/fr\/wp-json\/wp\/v2\/product\/399285","targetHints":{"allow":["GET"]}}],"collection":[{"href":"https:\/\/maisoncleo.com\/fr\/wp-json\/wp\/v2\/product"}],"about":[{"href":"https:\/\/maisoncleo.com\/fr\/wp-json\/wp\/v2\/types\/product"}],"version-history":[{"count":2,"href":"https:\/\/maisoncleo.com\/fr\/wp-json\/wp\/v2\/product\/399285\/revisions"}],"predecessor-version":[{"id":399300,"href":"https:\/\/maisoncleo.com\/fr\/wp-json\/wp\/v2\/product\/399285\/revisions\/399300"}],"wp:featuredmedia":[{"embeddable":true,"href":"https:\/\/maisoncleo.com\/fr\/wp-json\/wp\/v2\/media\/399258"}],"wp:attachment":[{"href":"https:\/\/maisoncleo.com\/fr\/wp-json\/wp\/v2\/media?parent=399285"}],"wp:term":[{"taxonomy":"product_brand","embeddable":true,"href":"https:\/\/maisoncleo.com\/fr\/wp-json\/wp\/v2\/product_brand?post=399285"},{"taxonomy":"product_cat","embeddable":true,"href":"https:\/\/maisoncleo.com\/fr\/wp-json\/wp\/v2\/product_cat?post=399285"},{"taxonomy":"product_tag","embeddable":true,"href":"https:\/\/maisoncleo.com\/fr\/wp-json\/wp\/v2\/product_tag?post=399285"}],"curies":[{"name":"wp","href":"https:\/\/api.w.org\/{rel}","templated":true}]}}