{"id":399187,"date":"2026-04-05T08:16:29","date_gmt":"2026-04-05T06:16:29","guid":{"rendered":"https:\/\/maisoncleo.com\/?post_type=product&#038;p=399187"},"modified":"2026-04-05T08:21:43","modified_gmt":"2026-04-05T06:21:43","slug":"robe-maria-evasee-en-coton-blanc-boutonnee-avec-col-chemise-copie-3","status":"publish","type":"product","link":"https:\/\/maisoncleo.com\/fr\/shop\/robe-maria-evasee-en-coton-blanc-boutonnee-avec-col-chemise-copie-3\/","title":{"rendered":"Robe MARIA \u00e9vas\u00e9e en coton vichy rouge boutonn\u00e9e avec col chemise"},"content":{"rendered":"<p>Robe \u00e9vas\u00e9e en coton vichy rouge boutonn\u00e9e avec col chemise et plis.<\/p>\n<p>Manches courtes, enti\u00e8rement boutonn\u00e9e sur le devant, coupe l\u00e9g\u00e8rement \u00e9vas\u00e9e dans le bas. 100% coton.<\/p>\n<p>La mod\u00e8le mesure 1m71 et porte une taille S\/36.<\/p>\n","protected":false},"excerpt":{"rendered":"<p>Robe \u00e9vas\u00e9e en coton vichy rouge boutonn\u00e9e avec col chemise et plis. Manches courtes, enti\u00e8rement boutonn\u00e9e sur le devant, coupe l\u00e9g\u00e8rement \u00e9vas\u00e9e&hellip;<\/p>\n","protected":false},"featured_media":399197,"template":"","meta":[],"product_brand":[],"product_cat":[668,664,661],"product_tag":[],"class_list":{"0":"post-399187","1":"product","2":"type-product","3":"status-publish","4":"has-post-thumbnail","6":"product_cat-capsule","7":"product_cat-robes","8":"product_cat-tout-voir","10":"first","11":"instock","12":"taxable","13":"shipping-taxable","14":"purchasable","15":"product-type-variable"},"_links":{"self":[{"href":"https:\/\/maisoncleo.com\/fr\/wp-json\/wp\/v2\/product\/399187","targetHints":{"allow":["GET"]}}],"collection":[{"href":"https:\/\/maisoncleo.com\/fr\/wp-json\/wp\/v2\/product"}],"about":[{"href":"https:\/\/maisoncleo.com\/fr\/wp-json\/wp\/v2\/types\/product"}],"version-history":[{"count":2,"href":"https:\/\/maisoncleo.com\/fr\/wp-json\/wp\/v2\/product\/399187\/revisions"}],"predecessor-version":[{"id":399234,"href":"https:\/\/maisoncleo.com\/fr\/wp-json\/wp\/v2\/product\/399187\/revisions\/399234"}],"wp:featuredmedia":[{"embeddable":true,"href":"https:\/\/maisoncleo.com\/fr\/wp-json\/wp\/v2\/media\/399197"}],"wp:attachment":[{"href":"https:\/\/maisoncleo.com\/fr\/wp-json\/wp\/v2\/media?parent=399187"}],"wp:term":[{"taxonomy":"product_brand","embeddable":true,"href":"https:\/\/maisoncleo.com\/fr\/wp-json\/wp\/v2\/product_brand?post=399187"},{"taxonomy":"product_cat","embeddable":true,"href":"https:\/\/maisoncleo.com\/fr\/wp-json\/wp\/v2\/product_cat?post=399187"},{"taxonomy":"product_tag","embeddable":true,"href":"https:\/\/maisoncleo.com\/fr\/wp-json\/wp\/v2\/product_tag?post=399187"}],"curies":[{"name":"wp","href":"https:\/\/api.w.org\/{rel}","templated":true}]}}