{"id":399121,"date":"2026-04-05T00:07:05","date_gmt":"2026-04-04T22:07:05","guid":{"rendered":"https:\/\/maisoncleo.com\/?post_type=product&#038;p=399121"},"modified":"2026-04-05T08:00:53","modified_gmt":"2026-04-05T06:00:53","slug":"jupe-sirene-en-coton-blanc-et-dentelle-de-calais-andrea-copie","status":"publish","type":"product","link":"https:\/\/maisoncleo.com\/fr\/shop\/jupe-sirene-en-coton-blanc-et-dentelle-de-calais-andrea-copie\/","title":{"rendered":"Blouse ANGELA blanc cass\u00e9 broderie anglaise fleurie"},"content":{"rendered":"<p>Blouse blanc cass\u00e9 en coton de broderie anglaise fleurie.<\/p>\n<p>Motif de grosses fleurs bord\u00e9 de dentelle de Calais fleurie. Coupe cintr\u00e9e, manches mi-longues, col et bas arrondis avec des plis. 100% coton.<\/p>\n<p>La mod\u00e8le mesure 1m71 et porte une taille S\/36.<\/p>\n","protected":false},"excerpt":{"rendered":"<p>Blouse blanc cass\u00e9 en coton de broderie anglaise fleurie. Motif de grosses fleurs bord\u00e9 de dentelle de Calais fleurie. Coupe cintr\u00e9e, manches&hellip;<\/p>\n","protected":false},"featured_media":399105,"template":"","meta":[],"product_brand":[],"product_cat":[663,668,661],"product_tag":[],"class_list":{"0":"post-399121","1":"product","2":"type-product","3":"status-publish","4":"has-post-thumbnail","6":"product_cat-blouses","7":"product_cat-capsule","8":"product_cat-tout-voir","10":"first","11":"instock","12":"taxable","13":"shipping-taxable","14":"purchasable","15":"product-type-variable"},"_links":{"self":[{"href":"https:\/\/maisoncleo.com\/fr\/wp-json\/wp\/v2\/product\/399121","targetHints":{"allow":["GET"]}}],"collection":[{"href":"https:\/\/maisoncleo.com\/fr\/wp-json\/wp\/v2\/product"}],"about":[{"href":"https:\/\/maisoncleo.com\/fr\/wp-json\/wp\/v2\/types\/product"}],"version-history":[{"count":1,"href":"https:\/\/maisoncleo.com\/fr\/wp-json\/wp\/v2\/product\/399121\/revisions"}],"predecessor-version":[{"id":399135,"href":"https:\/\/maisoncleo.com\/fr\/wp-json\/wp\/v2\/product\/399121\/revisions\/399135"}],"wp:featuredmedia":[{"embeddable":true,"href":"https:\/\/maisoncleo.com\/fr\/wp-json\/wp\/v2\/media\/399105"}],"wp:attachment":[{"href":"https:\/\/maisoncleo.com\/fr\/wp-json\/wp\/v2\/media?parent=399121"}],"wp:term":[{"taxonomy":"product_brand","embeddable":true,"href":"https:\/\/maisoncleo.com\/fr\/wp-json\/wp\/v2\/product_brand?post=399121"},{"taxonomy":"product_cat","embeddable":true,"href":"https:\/\/maisoncleo.com\/fr\/wp-json\/wp\/v2\/product_cat?post=399121"},{"taxonomy":"product_tag","embeddable":true,"href":"https:\/\/maisoncleo.com\/fr\/wp-json\/wp\/v2\/product_tag?post=399121"}],"curies":[{"name":"wp","href":"https:\/\/api.w.org\/{rel}","templated":true}]}}