{"id":399031,"date":"2026-04-04T23:47:54","date_gmt":"2026-04-04T21:47:54","guid":{"rendered":"https:\/\/maisoncleo.com\/?post_type=product&#038;p=399031"},"modified":"2026-04-05T07:59:04","modified_gmt":"2026-04-05T05:59:04","slug":"jupe-falbala-en-jersey-de-coton-blanc-avec-dentelle-de-calais-copie","status":"publish","type":"product","link":"https:\/\/maisoncleo.com\/fr\/shop\/jupe-falbala-en-jersey-de-coton-blanc-avec-dentelle-de-calais-copie\/","title":{"rendered":"Jupe longue en coton vichy rouge avec dentelle de Calais fleurie YOLANDE"},"content":{"rendered":"<p>Jupe longue en coton vichy rouge avec dentelle de Calais fleurie.<\/p>\n<p>Taille \u00e9lastiqu\u00e9e avec noeud. 100% coton.<\/p>\n<p>La mod\u00e8le mesure 1m71 et porte une taille S\/36.<\/p>\n","protected":false},"excerpt":{"rendered":"<p>Jupe longue en coton vichy rouge avec dentelle de Calais fleurie. Taille \u00e9lastiqu\u00e9e avec noeud. 100% coton. La mod\u00e8le mesure 1m71 et&hellip;<\/p>\n","protected":false},"featured_media":399055,"template":"","meta":[],"product_brand":[],"product_cat":[672,668,661],"product_tag":[],"class_list":{"0":"post-399031","1":"product","2":"type-product","3":"status-publish","4":"has-post-thumbnail","6":"product_cat-jupes","7":"product_cat-capsule","8":"product_cat-tout-voir","10":"first","11":"instock","12":"taxable","13":"shipping-taxable","14":"purchasable","15":"product-type-variable"},"_links":{"self":[{"href":"https:\/\/maisoncleo.com\/fr\/wp-json\/wp\/v2\/product\/399031","targetHints":{"allow":["GET"]}}],"collection":[{"href":"https:\/\/maisoncleo.com\/fr\/wp-json\/wp\/v2\/product"}],"about":[{"href":"https:\/\/maisoncleo.com\/fr\/wp-json\/wp\/v2\/types\/product"}],"version-history":[{"count":1,"href":"https:\/\/maisoncleo.com\/fr\/wp-json\/wp\/v2\/product\/399031\/revisions"}],"predecessor-version":[{"id":399069,"href":"https:\/\/maisoncleo.com\/fr\/wp-json\/wp\/v2\/product\/399031\/revisions\/399069"}],"wp:featuredmedia":[{"embeddable":true,"href":"https:\/\/maisoncleo.com\/fr\/wp-json\/wp\/v2\/media\/399055"}],"wp:attachment":[{"href":"https:\/\/maisoncleo.com\/fr\/wp-json\/wp\/v2\/media?parent=399031"}],"wp:term":[{"taxonomy":"product_brand","embeddable":true,"href":"https:\/\/maisoncleo.com\/fr\/wp-json\/wp\/v2\/product_brand?post=399031"},{"taxonomy":"product_cat","embeddable":true,"href":"https:\/\/maisoncleo.com\/fr\/wp-json\/wp\/v2\/product_cat?post=399031"},{"taxonomy":"product_tag","embeddable":true,"href":"https:\/\/maisoncleo.com\/fr\/wp-json\/wp\/v2\/product_tag?post=399031"}],"curies":[{"name":"wp","href":"https:\/\/api.w.org\/{rel}","templated":true}]}}