{"id":399010,"date":"2026-04-04T23:37:19","date_gmt":"2026-04-04T21:37:19","guid":{"rendered":"https:\/\/maisoncleo.com\/?post_type=product&#038;p=399010"},"modified":"2026-04-25T14:09:49","modified_gmt":"2026-04-25T12:09:49","slug":"jupe-falbala-en-jersey-de-coton-blanc-avec-dentelle-de-calais-copie-2","status":"publish","type":"product","link":"https:\/\/maisoncleo.com\/fr\/shop\/jupe-falbala-en-jersey-de-coton-blanc-avec-dentelle-de-calais-copie-2\/","title":{"rendered":"T-shirt en jersey de coton blanc avec dentelle de Calais ARIEL"},"content":{"rendered":"<p>T-shirt en jersey de coton blanc avec dentelle de Calais dans le bas, boutonn\u00e9 sur le c\u00f4t\u00e9.<\/p>\n<p>Stretch. 100% coton.<\/p>\n<p>La mod\u00e8le mesure 1m71 et porte une taille S\/36.<\/p>\n","protected":false},"excerpt":{"rendered":"<p>T-shirt en jersey de coton blanc avec dentelle de Calais dans le bas, boutonn\u00e9 sur le c\u00f4t\u00e9. Stretch. 100% coton. La mod\u00e8le&hellip;<\/p>\n","protected":false},"featured_media":398989,"template":"","meta":[],"product_brand":[],"product_cat":[668,674,661],"product_tag":[],"class_list":{"0":"post-399010","1":"product","2":"type-product","3":"status-publish","4":"has-post-thumbnail","6":"product_cat-capsule","7":"product_cat-tops","8":"product_cat-tout-voir","10":"first","11":"instock","12":"taxable","13":"shipping-taxable","14":"purchasable","15":"product-type-variable"},"_links":{"self":[{"href":"https:\/\/maisoncleo.com\/fr\/wp-json\/wp\/v2\/product\/399010","targetHints":{"allow":["GET"]}}],"collection":[{"href":"https:\/\/maisoncleo.com\/fr\/wp-json\/wp\/v2\/product"}],"about":[{"href":"https:\/\/maisoncleo.com\/fr\/wp-json\/wp\/v2\/types\/product"}],"version-history":[{"count":3,"href":"https:\/\/maisoncleo.com\/fr\/wp-json\/wp\/v2\/product\/399010\/revisions"}],"predecessor-version":[{"id":399483,"href":"https:\/\/maisoncleo.com\/fr\/wp-json\/wp\/v2\/product\/399010\/revisions\/399483"}],"wp:featuredmedia":[{"embeddable":true,"href":"https:\/\/maisoncleo.com\/fr\/wp-json\/wp\/v2\/media\/398989"}],"wp:attachment":[{"href":"https:\/\/maisoncleo.com\/fr\/wp-json\/wp\/v2\/media?parent=399010"}],"wp:term":[{"taxonomy":"product_brand","embeddable":true,"href":"https:\/\/maisoncleo.com\/fr\/wp-json\/wp\/v2\/product_brand?post=399010"},{"taxonomy":"product_cat","embeddable":true,"href":"https:\/\/maisoncleo.com\/fr\/wp-json\/wp\/v2\/product_cat?post=399010"},{"taxonomy":"product_tag","embeddable":true,"href":"https:\/\/maisoncleo.com\/fr\/wp-json\/wp\/v2\/product_tag?post=399010"}],"curies":[{"name":"wp","href":"https:\/\/api.w.org\/{rel}","templated":true}]}}