{"id":398959,"date":"2026-04-04T23:22:08","date_gmt":"2026-04-04T21:22:08","guid":{"rendered":"https:\/\/maisoncleo.com\/?post_type=product&#038;p=398959"},"modified":"2026-04-25T14:09:49","modified_gmt":"2026-04-25T12:09:49","slug":"top-jane-a-coton-blanc-et-dentelle-de-calais-a-bretelles-copie","status":"publish","type":"product","link":"https:\/\/maisoncleo.com\/fr\/shop\/top-jane-a-coton-blanc-et-dentelle-de-calais-a-bretelles-copie\/","title":{"rendered":"Jupe FALBALA en jersey de coton blanc avec dentelle de Calais"},"content":{"rendered":"<p>Jupe en jersey de coton blanc avec dentelle de Calais dans le bas, boutonn\u00e9e sur le c\u00f4t\u00e9, petit noeud sur la taille.<\/p>\n<p>Taille \u00e9lastiqu\u00e9e. 100% coton.<\/p>\n<p>La mod\u00e8le mesure 1m71 et porte une taille S\/36.<\/p>\n","protected":false},"excerpt":{"rendered":"<p>Jupe en jersey de coton blanc avec dentelle de Calais dans le bas, boutonn\u00e9e sur le c\u00f4t\u00e9, petit noeud sur la taille.&hellip;<\/p>\n","protected":false},"featured_media":398977,"template":"","meta":[],"product_brand":[],"product_cat":[672,668,661],"product_tag":[],"class_list":{"0":"post-398959","1":"product","2":"type-product","3":"status-publish","4":"has-post-thumbnail","6":"product_cat-jupes","7":"product_cat-capsule","8":"product_cat-tout-voir","10":"first","11":"instock","12":"taxable","13":"shipping-taxable","14":"purchasable","15":"product-type-variable"},"_links":{"self":[{"href":"https:\/\/maisoncleo.com\/fr\/wp-json\/wp\/v2\/product\/398959","targetHints":{"allow":["GET"]}}],"collection":[{"href":"https:\/\/maisoncleo.com\/fr\/wp-json\/wp\/v2\/product"}],"about":[{"href":"https:\/\/maisoncleo.com\/fr\/wp-json\/wp\/v2\/types\/product"}],"version-history":[{"count":1,"href":"https:\/\/maisoncleo.com\/fr\/wp-json\/wp\/v2\/product\/398959\/revisions"}],"predecessor-version":[{"id":399001,"href":"https:\/\/maisoncleo.com\/fr\/wp-json\/wp\/v2\/product\/398959\/revisions\/399001"}],"wp:featuredmedia":[{"embeddable":true,"href":"https:\/\/maisoncleo.com\/fr\/wp-json\/wp\/v2\/media\/398977"}],"wp:attachment":[{"href":"https:\/\/maisoncleo.com\/fr\/wp-json\/wp\/v2\/media?parent=398959"}],"wp:term":[{"taxonomy":"product_brand","embeddable":true,"href":"https:\/\/maisoncleo.com\/fr\/wp-json\/wp\/v2\/product_brand?post=398959"},{"taxonomy":"product_cat","embeddable":true,"href":"https:\/\/maisoncleo.com\/fr\/wp-json\/wp\/v2\/product_cat?post=398959"},{"taxonomy":"product_tag","embeddable":true,"href":"https:\/\/maisoncleo.com\/fr\/wp-json\/wp\/v2\/product_tag?post=398959"}],"curies":[{"name":"wp","href":"https:\/\/api.w.org\/{rel}","templated":true}]}}