{"id":398937,"date":"2026-04-04T23:18:32","date_gmt":"2026-04-04T21:18:32","guid":{"rendered":"https:\/\/maisoncleo.com\/?post_type=product&#038;p=398937"},"modified":"2026-04-05T07:51:53","modified_gmt":"2026-04-05T05:51:53","slug":"short-taille-haute-en-coton-blanc-et-passants-pia-copie","status":"publish","type":"product","link":"https:\/\/maisoncleo.com\/fr\/shop\/short-taille-haute-en-coton-blanc-et-passants-pia-copie\/","title":{"rendered":"Top JANE \u00e0 coton blanc et dentelle de Calais \u00e0 bretelles"},"content":{"rendered":"<p>Top \u00e0 coton blanc et dentelle de Calais \u00e0 bretelles.<\/p>\n<p>Coupe large l\u00e9g\u00e8rement \u00e9vas\u00e9e dans le bas. 100% coton.<\/p>\n<p>La mod\u00e8le mesure 1m71 et porte une taille S\/36.<\/p>\n","protected":false},"excerpt":{"rendered":"<p>Top \u00e0 coton blanc et dentelle de Calais \u00e0 bretelles. Coupe large l\u00e9g\u00e8rement \u00e9vas\u00e9e dans le bas. 100% coton. La mod\u00e8le mesure&hellip;<\/p>\n","protected":false},"featured_media":398907,"template":"","meta":[],"product_brand":[],"product_cat":[668,675,661],"product_tag":[],"class_list":{"0":"post-398937","1":"product","2":"type-product","3":"status-publish","4":"has-post-thumbnail","6":"product_cat-capsule","7":"product_cat-pantalons-shorts","8":"product_cat-tout-voir","10":"first","11":"instock","12":"taxable","13":"shipping-taxable","14":"purchasable","15":"product-type-variable"},"_links":{"self":[{"href":"https:\/\/maisoncleo.com\/fr\/wp-json\/wp\/v2\/product\/398937","targetHints":{"allow":["GET"]}}],"collection":[{"href":"https:\/\/maisoncleo.com\/fr\/wp-json\/wp\/v2\/product"}],"about":[{"href":"https:\/\/maisoncleo.com\/fr\/wp-json\/wp\/v2\/types\/product"}],"version-history":[{"count":1,"href":"https:\/\/maisoncleo.com\/fr\/wp-json\/wp\/v2\/product\/398937\/revisions"}],"predecessor-version":[{"id":398951,"href":"https:\/\/maisoncleo.com\/fr\/wp-json\/wp\/v2\/product\/398937\/revisions\/398951"}],"wp:featuredmedia":[{"embeddable":true,"href":"https:\/\/maisoncleo.com\/fr\/wp-json\/wp\/v2\/media\/398907"}],"wp:attachment":[{"href":"https:\/\/maisoncleo.com\/fr\/wp-json\/wp\/v2\/media?parent=398937"}],"wp:term":[{"taxonomy":"product_brand","embeddable":true,"href":"https:\/\/maisoncleo.com\/fr\/wp-json\/wp\/v2\/product_brand?post=398937"},{"taxonomy":"product_cat","embeddable":true,"href":"https:\/\/maisoncleo.com\/fr\/wp-json\/wp\/v2\/product_cat?post=398937"},{"taxonomy":"product_tag","embeddable":true,"href":"https:\/\/maisoncleo.com\/fr\/wp-json\/wp\/v2\/product_tag?post=398937"}],"curies":[{"name":"wp","href":"https:\/\/api.w.org\/{rel}","templated":true}]}}