{"id":398841,"date":"2026-04-04T14:35:54","date_gmt":"2026-04-04T12:35:54","guid":{"rendered":"https:\/\/maisoncleo.com\/?post_type=product&#038;p=398841"},"modified":"2026-04-13T11:29:18","modified_gmt":"2026-04-13T09:29:18","slug":"robe-maria-evasee-en-coton-blanc-boutonnee-avec-col-chemise-copie-2","status":"publish","type":"product","link":"https:\/\/maisoncleo.com\/fr\/shop\/robe-maria-evasee-en-coton-blanc-boutonnee-avec-col-chemise-copie-2\/","title":{"rendered":"Robe COLINE en coton blanc et dentelle de Calais fleurie"},"content":{"rendered":"<p>Robe en coton blanc et dentelle de Calais fleurie. Notre favorite de la nouvelle collection!<\/p>\n<p>Bretelles, coupe l\u00e9g\u00e8rement \u00e9vas\u00e9e dans le bas, dentelle de calais v\u00e9ritable d\u00e9licate et fleurie. 100% coton.<\/p>\n<p>La mod\u00e8le mesure 1m71 et porte une taille S\/36.<\/p>\n","protected":false},"excerpt":{"rendered":"<p>Robe en coton blanc et dentelle de Calais fleurie. Notre favorite de la nouvelle collection! Bretelles, coupe l\u00e9g\u00e8rement \u00e9vas\u00e9e dans le bas,&hellip;<\/p>\n","protected":false},"featured_media":398849,"template":"","meta":[],"product_brand":[],"product_cat":[668,664,661],"product_tag":[],"class_list":{"0":"post-398841","1":"product","2":"type-product","3":"status-publish","4":"has-post-thumbnail","6":"product_cat-capsule","7":"product_cat-robes","8":"product_cat-tout-voir","10":"first","11":"instock","12":"taxable","13":"shipping-taxable","14":"purchasable","15":"product-type-variable"},"_links":{"self":[{"href":"https:\/\/maisoncleo.com\/fr\/wp-json\/wp\/v2\/product\/398841","targetHints":{"allow":["GET"]}}],"collection":[{"href":"https:\/\/maisoncleo.com\/fr\/wp-json\/wp\/v2\/product"}],"about":[{"href":"https:\/\/maisoncleo.com\/fr\/wp-json\/wp\/v2\/types\/product"}],"version-history":[{"count":1,"href":"https:\/\/maisoncleo.com\/fr\/wp-json\/wp\/v2\/product\/398841\/revisions"}],"predecessor-version":[{"id":398883,"href":"https:\/\/maisoncleo.com\/fr\/wp-json\/wp\/v2\/product\/398841\/revisions\/398883"}],"wp:featuredmedia":[{"embeddable":true,"href":"https:\/\/maisoncleo.com\/fr\/wp-json\/wp\/v2\/media\/398849"}],"wp:attachment":[{"href":"https:\/\/maisoncleo.com\/fr\/wp-json\/wp\/v2\/media?parent=398841"}],"wp:term":[{"taxonomy":"product_brand","embeddable":true,"href":"https:\/\/maisoncleo.com\/fr\/wp-json\/wp\/v2\/product_brand?post=398841"},{"taxonomy":"product_cat","embeddable":true,"href":"https:\/\/maisoncleo.com\/fr\/wp-json\/wp\/v2\/product_cat?post=398841"},{"taxonomy":"product_tag","embeddable":true,"href":"https:\/\/maisoncleo.com\/fr\/wp-json\/wp\/v2\/product_tag?post=398841"}],"curies":[{"name":"wp","href":"https:\/\/api.w.org\/{rel}","templated":true}]}}