{"id":398819,"date":"2026-04-04T14:27:04","date_gmt":"2026-04-04T12:27:04","guid":{"rendered":"https:\/\/maisoncleo.com\/?post_type=product&#038;p=398819"},"modified":"2026-04-05T09:22:33","modified_gmt":"2026-04-05T07:22:33","slug":"la-gatee-blouse-beige-rouge-a-carreaux-et-broderies-de-cerises-copie","status":"publish","type":"product","link":"https:\/\/maisoncleo.com\/fr\/shop\/la-gatee-blouse-beige-rouge-a-carreaux-et-broderies-de-cerises-copie\/","title":{"rendered":"Blouse blanche ARIA en coton broderies fleuries"},"content":{"rendered":"<p><span style=\"font-weight: 400;\">Blouse blanche en coton broderies fleuries. Manches courtes bouffantes agr\u00e9ment\u00e9es de dentelle de Calais fleurie, deux liens \u00e0 nouer sur le devant. <\/span><\/p>\n<p><span style=\"font-weight: 400;\">Parties en v\u00e9ritable d\u00e9licate dentelle de Calais fleurie.<\/span><\/p>\n<p><span style=\"font-weight: 400;\">La mod\u00e8le mesure 1m71 et porte une taille S\/36.<\/span><\/p>\n","protected":false},"excerpt":{"rendered":"<p>Blouse blanche en coton broderies fleuries. Manches courtes bouffantes agr\u00e9ment\u00e9es de dentelle de Calais fleurie, deux liens \u00e0 nouer sur le devant.&hellip;<\/p>\n","protected":false},"featured_media":398803,"template":"","meta":[],"product_brand":[],"product_cat":[663,958,668,661],"product_tag":[],"class_list":{"0":"post-398819","1":"product","2":"type-product","3":"status-publish","4":"has-post-thumbnail","6":"product_cat-blouses","7":"product_cat-mariage-selection","8":"product_cat-capsule","9":"product_cat-tout-voir","11":"first","12":"instock","13":"taxable","14":"shipping-taxable","15":"purchasable","16":"product-type-variable"},"_links":{"self":[{"href":"https:\/\/maisoncleo.com\/fr\/wp-json\/wp\/v2\/product\/398819","targetHints":{"allow":["GET"]}}],"collection":[{"href":"https:\/\/maisoncleo.com\/fr\/wp-json\/wp\/v2\/product"}],"about":[{"href":"https:\/\/maisoncleo.com\/fr\/wp-json\/wp\/v2\/types\/product"}],"version-history":[{"count":1,"href":"https:\/\/maisoncleo.com\/fr\/wp-json\/wp\/v2\/product\/398819\/revisions"}],"predecessor-version":[{"id":398833,"href":"https:\/\/maisoncleo.com\/fr\/wp-json\/wp\/v2\/product\/398819\/revisions\/398833"}],"wp:featuredmedia":[{"embeddable":true,"href":"https:\/\/maisoncleo.com\/fr\/wp-json\/wp\/v2\/media\/398803"}],"wp:attachment":[{"href":"https:\/\/maisoncleo.com\/fr\/wp-json\/wp\/v2\/media?parent=398819"}],"wp:term":[{"taxonomy":"product_brand","embeddable":true,"href":"https:\/\/maisoncleo.com\/fr\/wp-json\/wp\/v2\/product_brand?post=398819"},{"taxonomy":"product_cat","embeddable":true,"href":"https:\/\/maisoncleo.com\/fr\/wp-json\/wp\/v2\/product_cat?post=398819"},{"taxonomy":"product_tag","embeddable":true,"href":"https:\/\/maisoncleo.com\/fr\/wp-json\/wp\/v2\/product_tag?post=398819"}],"curies":[{"name":"wp","href":"https:\/\/api.w.org\/{rel}","templated":true}]}}