{"id":398784,"date":"2026-04-04T13:04:07","date_gmt":"2026-04-04T11:04:07","guid":{"rendered":"https:\/\/maisoncleo.com\/?post_type=product&#038;p=398784"},"modified":"2026-04-05T07:40:18","modified_gmt":"2026-04-05T05:40:18","slug":"jupe-volantee-froufrous-en-coton-plumetis-blanc-nana-copie","status":"publish","type":"product","link":"https:\/\/maisoncleo.com\/fr\/shop\/jupe-volantee-froufrous-en-coton-plumetis-blanc-nana-copie\/","title":{"rendered":"Jupe \u00e9vas\u00e9e en coton blanc et dentelle de Calais fleurie MARTINA"},"content":{"rendered":"<p><span style=\"font-weight: 400;\">Jupe \u00e9vas\u00e9e en coton blanc et dentelle de Calais fleurie, taille haute, fermeture \u00e9clair invisible sur le c\u00f4t\u00e9. 100% coton. Sublime et d\u00e9licate v\u00e9ritable dentelle de Calais fleurie. petit noeud sur la taille.<\/span><\/p>\n<p><span style=\"font-weight: 400;\"> La mod\u00e8le mesure 1m71 et porte une taille S\/36.<\/span><\/p>\n","protected":false},"excerpt":{"rendered":"<p>Jupe \u00e9vas\u00e9e en coton blanc et dentelle de Calais fleurie, taille haute, fermeture \u00e9clair invisible sur le c\u00f4t\u00e9. 100% coton. Sublime et&hellip;<\/p>\n","protected":false},"featured_media":398799,"template":"","meta":[],"product_brand":[],"product_cat":[672,958,668,661],"product_tag":[],"class_list":{"0":"post-398784","1":"product","2":"type-product","3":"status-publish","4":"has-post-thumbnail","6":"product_cat-jupes","7":"product_cat-mariage-selection","8":"product_cat-capsule","9":"product_cat-tout-voir","11":"first","12":"instock","13":"taxable","14":"shipping-taxable","15":"purchasable","16":"product-type-variable"},"_links":{"self":[{"href":"https:\/\/maisoncleo.com\/fr\/wp-json\/wp\/v2\/product\/398784","targetHints":{"allow":["GET"]}}],"collection":[{"href":"https:\/\/maisoncleo.com\/fr\/wp-json\/wp\/v2\/product"}],"about":[{"href":"https:\/\/maisoncleo.com\/fr\/wp-json\/wp\/v2\/types\/product"}],"version-history":[{"count":1,"href":"https:\/\/maisoncleo.com\/fr\/wp-json\/wp\/v2\/product\/398784\/revisions"}],"predecessor-version":[{"id":398811,"href":"https:\/\/maisoncleo.com\/fr\/wp-json\/wp\/v2\/product\/398784\/revisions\/398811"}],"wp:featuredmedia":[{"embeddable":true,"href":"https:\/\/maisoncleo.com\/fr\/wp-json\/wp\/v2\/media\/398799"}],"wp:attachment":[{"href":"https:\/\/maisoncleo.com\/fr\/wp-json\/wp\/v2\/media?parent=398784"}],"wp:term":[{"taxonomy":"product_brand","embeddable":true,"href":"https:\/\/maisoncleo.com\/fr\/wp-json\/wp\/v2\/product_brand?post=398784"},{"taxonomy":"product_cat","embeddable":true,"href":"https:\/\/maisoncleo.com\/fr\/wp-json\/wp\/v2\/product_cat?post=398784"},{"taxonomy":"product_tag","embeddable":true,"href":"https:\/\/maisoncleo.com\/fr\/wp-json\/wp\/v2\/product_tag?post=398784"}],"curies":[{"name":"wp","href":"https:\/\/api.w.org\/{rel}","templated":true}]}}