{"id":398671,"date":"2026-04-04T12:34:59","date_gmt":"2026-04-04T10:34:59","guid":{"rendered":"https:\/\/maisoncleo.com\/?post_type=product&#038;p=398671"},"modified":"2026-04-05T07:32:56","modified_gmt":"2026-04-05T05:32:56","slug":"la-gatee-jupe-plissee-volantee-en-coton-rouge-a-pois-blancs-avec-chouchous-copie","status":"publish","type":"product","link":"https:\/\/maisoncleo.com\/fr\/shop\/la-gatee-jupe-plissee-volantee-en-coton-rouge-a-pois-blancs-avec-chouchous-copie\/","title":{"rendered":"Jupe volant\u00e9e froufrous en coton plumetis blanc NANA"},"content":{"rendered":"<p><span style=\"font-weight: 400;\">Jupe pliss\u00e9e froufrous en coton plumetis blanc, taille mi-haute, fermeture \u00e9clair invisible sur le c\u00f4t\u00e9. 100% coton. Coton fin d\u00e9licat, doux et agr\u00e9able \u00e0 porter. La mod\u00e8le mesure 1m71 et porte une taille S\/36.<\/span><\/p>\n","protected":false},"excerpt":{"rendered":"<p>Jupe pliss\u00e9e froufrous en coton plumetis blanc, taille mi-haute, fermeture \u00e9clair invisible sur le c\u00f4t\u00e9. 100% coton. Coton fin d\u00e9licat, doux et&hellip;<\/p>\n","protected":false},"featured_media":398679,"template":"","meta":[],"product_brand":[],"product_cat":[672,958,668,661],"product_tag":[],"class_list":{"0":"post-398671","1":"product","2":"type-product","3":"status-publish","4":"has-post-thumbnail","6":"product_cat-jupes","7":"product_cat-mariage-selection","8":"product_cat-capsule","9":"product_cat-tout-voir","11":"first","12":"instock","13":"taxable","14":"shipping-taxable","15":"purchasable","16":"product-type-variable"},"_links":{"self":[{"href":"https:\/\/maisoncleo.com\/fr\/wp-json\/wp\/v2\/product\/398671","targetHints":{"allow":["GET"]}}],"collection":[{"href":"https:\/\/maisoncleo.com\/fr\/wp-json\/wp\/v2\/product"}],"about":[{"href":"https:\/\/maisoncleo.com\/fr\/wp-json\/wp\/v2\/types\/product"}],"version-history":[{"count":1,"href":"https:\/\/maisoncleo.com\/fr\/wp-json\/wp\/v2\/product\/398671\/revisions"}],"predecessor-version":[{"id":398709,"href":"https:\/\/maisoncleo.com\/fr\/wp-json\/wp\/v2\/product\/398671\/revisions\/398709"}],"wp:featuredmedia":[{"embeddable":true,"href":"https:\/\/maisoncleo.com\/fr\/wp-json\/wp\/v2\/media\/398679"}],"wp:attachment":[{"href":"https:\/\/maisoncleo.com\/fr\/wp-json\/wp\/v2\/media?parent=398671"}],"wp:term":[{"taxonomy":"product_brand","embeddable":true,"href":"https:\/\/maisoncleo.com\/fr\/wp-json\/wp\/v2\/product_brand?post=398671"},{"taxonomy":"product_cat","embeddable":true,"href":"https:\/\/maisoncleo.com\/fr\/wp-json\/wp\/v2\/product_cat?post=398671"},{"taxonomy":"product_tag","embeddable":true,"href":"https:\/\/maisoncleo.com\/fr\/wp-json\/wp\/v2\/product_tag?post=398671"}],"curies":[{"name":"wp","href":"https:\/\/api.w.org\/{rel}","templated":true}]}}