{"id":398152,"date":"2026-02-04T10:56:04","date_gmt":"2026-02-04T08:56:04","guid":{"rendered":"https:\/\/maisoncleo.com\/?post_type=product&#038;p=398152"},"modified":"2026-02-04T12:28:10","modified_gmt":"2026-02-04T10:28:10","slug":"lampe-abat-jour-maisoncleo-x-la-remise-objets-taille-small-copy","status":"publish","type":"product","link":"https:\/\/maisoncleo.com\/fr\/shop\/lampe-abat-jour-maisoncleo-x-la-remise-objets-taille-small-copy\/","title":{"rendered":"Lampe abat-jour MaisonCl\u00e9o x La Remise Objets taille medium"},"content":{"rendered":"<div>\n<div>Nous vous pr\u00e9sentons l&rsquo;une de nos collaborations favorites avec Alexandre de La Remise Objets! Alexandre fabrique des abats-jours \u00e0 la main en France et utilise cette fois-ci le tissu de notre ensemble tigr\u00e9 de notre derni\u00e8re collection pour r\u00e9aliser la plus d\u00e9sirable des lampes!<\/div>\n<div><\/div>\n<div>Les lampes sont fabriqu\u00e9es dans le Vexin, en France, \u00e0 partir de pieds de lampes chin\u00e9s, en bois tourn\u00e9, ponc\u00e9s et repeints \u00e0 la main.<br \/>\nLes abats jours sont \u00e9galement fait main, avec le tissu Maison Cl\u00e9o.<br \/>\nChaque mod\u00e8le est unique par sa forme et son audace !<\/div>\n<div><\/div>\n<div>Les lampes sont fabriqu\u00e9es \u00e0 la commande et exp\u00e9di\u00e9es sous 3 semaines.<\/div>\n<div>Il s&rsquo;agit ici de la taille medium. Taille medium : Lampe d&rsquo;une hauteur totale approximative entre 35 et 42 cm de hauteur. Existe aussi en taille small.<\/div>\n<\/div>\n<div>Exp\u00e9dition partout dans le monde.<\/div>\n","protected":false},"excerpt":{"rendered":"<p>Nous vous pr\u00e9sentons l&rsquo;une de nos collaborations favorites avec Alexandre de La Remise Objets! Alexandre fabrique des abats-jours \u00e0 la main en&hellip;<\/p>\n","protected":false},"featured_media":398173,"template":"","meta":[],"product_brand":[],"product_cat":[651,668,661],"product_tag":[],"class_list":{"0":"post-398152","1":"product","2":"type-product","3":"status-publish","4":"has-post-thumbnail","6":"product_cat-accessoires","7":"product_cat-capsule","8":"product_cat-tout-voir","10":"first","11":"instock","12":"taxable","13":"shipping-taxable","14":"purchasable","15":"product-type-variable"},"_links":{"self":[{"href":"https:\/\/maisoncleo.com\/fr\/wp-json\/wp\/v2\/product\/398152","targetHints":{"allow":["GET"]}}],"collection":[{"href":"https:\/\/maisoncleo.com\/fr\/wp-json\/wp\/v2\/product"}],"about":[{"href":"https:\/\/maisoncleo.com\/fr\/wp-json\/wp\/v2\/types\/product"}],"version-history":[{"count":3,"href":"https:\/\/maisoncleo.com\/fr\/wp-json\/wp\/v2\/product\/398152\/revisions"}],"predecessor-version":[{"id":398182,"href":"https:\/\/maisoncleo.com\/fr\/wp-json\/wp\/v2\/product\/398152\/revisions\/398182"}],"wp:featuredmedia":[{"embeddable":true,"href":"https:\/\/maisoncleo.com\/fr\/wp-json\/wp\/v2\/media\/398173"}],"wp:attachment":[{"href":"https:\/\/maisoncleo.com\/fr\/wp-json\/wp\/v2\/media?parent=398152"}],"wp:term":[{"taxonomy":"product_brand","embeddable":true,"href":"https:\/\/maisoncleo.com\/fr\/wp-json\/wp\/v2\/product_brand?post=398152"},{"taxonomy":"product_cat","embeddable":true,"href":"https:\/\/maisoncleo.com\/fr\/wp-json\/wp\/v2\/product_cat?post=398152"},{"taxonomy":"product_tag","embeddable":true,"href":"https:\/\/maisoncleo.com\/fr\/wp-json\/wp\/v2\/product_tag?post=398152"}],"curies":[{"name":"wp","href":"https:\/\/api.w.org\/{rel}","templated":true}]}}