{"id":398075,"date":"2026-01-31T17:24:04","date_gmt":"2026-01-31T15:24:04","guid":{"rendered":"https:\/\/maisoncleo.com\/?post_type=product&#038;p=398075"},"modified":"2026-02-07T18:27:41","modified_gmt":"2026-02-07T16:27:41","slug":"manteau-animal-en-laine-epaisse-col-haut-rosa-copy","status":"publish","type":"product","link":"https:\/\/maisoncleo.com\/fr\/shop\/manteau-animal-en-laine-epaisse-col-haut-rosa-copy\/","title":{"rendered":"Manteau en laine noire \u00e9paisse col haut Rosa"},"content":{"rendered":"<p><span style=\"font-weight: 400;\">Manteau en laine noire \u00e9paisse col haut. Coupe oversize, manches longues, fermeture boutons noirs en velours sur le devant. Laine \u00e9paisse. Col haut remont\u00e9 boutonn\u00e9 pour vous garder au chaud.<\/span><\/p>\n<p>Ce tissu de haute qualit\u00e9 est fabriqu\u00e9 en Italie et provient d&rsquo;une Maison de Haute-Couture. Sa composition est : 100% laine. Le tissu est double-faced, mais nous pouvons le doubler pour +30\u20ac. Pour cela, vous devez s\u00e9lectionner l&rsquo;option \u00ab\u00a0Sur-mesure\u00a0\u00bb, et \u00e9crire dans l&rsquo;onglet commentaires au moment du paiement que vous souhaitez une doublure, ainsi que votre taille choisie. La doublure sera en twill de soie noir.<\/p>\n","protected":false},"excerpt":{"rendered":"<p>Manteau en laine noire \u00e9paisse col haut. Coupe oversize, manches longues, fermeture boutons noirs en velours sur le devant. Laine \u00e9paisse. Col&hellip;<\/p>\n","protected":false},"featured_media":398095,"template":"","meta":[],"product_brand":[],"product_cat":[668,661,665],"product_tag":[],"class_list":{"0":"post-398075","1":"product","2":"type-product","3":"status-publish","4":"has-post-thumbnail","6":"product_cat-capsule","7":"product_cat-tout-voir","8":"product_cat-vestes-manteaux","10":"first","11":"instock","12":"taxable","13":"shipping-taxable","14":"purchasable","15":"product-type-variable"},"_links":{"self":[{"href":"https:\/\/maisoncleo.com\/fr\/wp-json\/wp\/v2\/product\/398075","targetHints":{"allow":["GET"]}}],"collection":[{"href":"https:\/\/maisoncleo.com\/fr\/wp-json\/wp\/v2\/product"}],"about":[{"href":"https:\/\/maisoncleo.com\/fr\/wp-json\/wp\/v2\/types\/product"}],"version-history":[{"count":2,"href":"https:\/\/maisoncleo.com\/fr\/wp-json\/wp\/v2\/product\/398075\/revisions"}],"predecessor-version":[{"id":398110,"href":"https:\/\/maisoncleo.com\/fr\/wp-json\/wp\/v2\/product\/398075\/revisions\/398110"}],"wp:featuredmedia":[{"embeddable":true,"href":"https:\/\/maisoncleo.com\/fr\/wp-json\/wp\/v2\/media\/398095"}],"wp:attachment":[{"href":"https:\/\/maisoncleo.com\/fr\/wp-json\/wp\/v2\/media?parent=398075"}],"wp:term":[{"taxonomy":"product_brand","embeddable":true,"href":"https:\/\/maisoncleo.com\/fr\/wp-json\/wp\/v2\/product_brand?post=398075"},{"taxonomy":"product_cat","embeddable":true,"href":"https:\/\/maisoncleo.com\/fr\/wp-json\/wp\/v2\/product_cat?post=398075"},{"taxonomy":"product_tag","embeddable":true,"href":"https:\/\/maisoncleo.com\/fr\/wp-json\/wp\/v2\/product_tag?post=398075"}],"curies":[{"name":"wp","href":"https:\/\/api.w.org\/{rel}","templated":true}]}}