{"id":397981,"date":"2026-01-20T10:24:36","date_gmt":"2026-01-20T08:24:36","guid":{"rendered":"https:\/\/maisoncleo.com\/?post_type=product&#038;p=397981"},"modified":"2026-01-21T13:30:26","modified_gmt":"2026-01-21T11:30:26","slug":"jupe-teila-en-laine-a-carreaux-orange-bordeaux-et-rose-copy-2","status":"publish","type":"product","link":"https:\/\/maisoncleo.com\/fr\/shop\/jupe-teila-en-laine-a-carreaux-orange-bordeaux-et-rose-copy-2\/","title":{"rendered":"Jupe TEILA trapeze en laine \u00e9paisse blanc cass\u00e9"},"content":{"rendered":"<p><span style=\"font-weight: 400;\">Jupe trapeze en laine \u00e9paisse blanc cass\u00e9.<\/span><\/p>\n<p><span style=\"font-weight: 400;\">Fermeture \u00e9clair dans le dos.<\/span><\/p>\n<p><span style=\"font-weight: 400;\">Magnifique laine \u00e9paisse venant d\u2019une maison de Haute-Couture.<\/span><\/p>\n<p><span style=\"font-weight: 400;\">100% laine \u00e9paisse.<\/span><\/p>\n<p><span style=\"font-weight: 400;\">Longueur : 37 cm. La mod\u00e8le mesure 1,70 m et porte une taille 36.<\/span><\/p>\n","protected":false},"excerpt":{"rendered":"<p>Jupe trapeze en laine \u00e9paisse blanc cass\u00e9. Fermeture \u00e9clair dans le dos. Magnifique laine \u00e9paisse venant d\u2019une maison de Haute-Couture. 100% laine&hellip;<\/p>\n","protected":false},"featured_media":397912,"template":"","meta":[],"product_brand":[],"product_cat":[672,668,661],"product_tag":[],"class_list":{"0":"post-397981","1":"product","2":"type-product","3":"status-publish","4":"has-post-thumbnail","6":"product_cat-jupes","7":"product_cat-capsule","8":"product_cat-tout-voir","10":"first","11":"outofstock","12":"taxable","13":"shipping-taxable","14":"purchasable","15":"product-type-variable"},"_links":{"self":[{"href":"https:\/\/maisoncleo.com\/fr\/wp-json\/wp\/v2\/product\/397981","targetHints":{"allow":["GET"]}}],"collection":[{"href":"https:\/\/maisoncleo.com\/fr\/wp-json\/wp\/v2\/product"}],"about":[{"href":"https:\/\/maisoncleo.com\/fr\/wp-json\/wp\/v2\/types\/product"}],"version-history":[{"count":1,"href":"https:\/\/maisoncleo.com\/fr\/wp-json\/wp\/v2\/product\/397981\/revisions"}],"predecessor-version":[{"id":397995,"href":"https:\/\/maisoncleo.com\/fr\/wp-json\/wp\/v2\/product\/397981\/revisions\/397995"}],"wp:featuredmedia":[{"embeddable":true,"href":"https:\/\/maisoncleo.com\/fr\/wp-json\/wp\/v2\/media\/397912"}],"wp:attachment":[{"href":"https:\/\/maisoncleo.com\/fr\/wp-json\/wp\/v2\/media?parent=397981"}],"wp:term":[{"taxonomy":"product_brand","embeddable":true,"href":"https:\/\/maisoncleo.com\/fr\/wp-json\/wp\/v2\/product_brand?post=397981"},{"taxonomy":"product_cat","embeddable":true,"href":"https:\/\/maisoncleo.com\/fr\/wp-json\/wp\/v2\/product_cat?post=397981"},{"taxonomy":"product_tag","embeddable":true,"href":"https:\/\/maisoncleo.com\/fr\/wp-json\/wp\/v2\/product_tag?post=397981"}],"curies":[{"name":"wp","href":"https:\/\/api.w.org\/{rel}","templated":true}]}}