{"id":397933,"date":"2026-01-20T15:11:21","date_gmt":"2026-01-20T13:11:21","guid":{"rendered":"https:\/\/maisoncleo.com\/?post_type=product&#038;p=397933"},"modified":"2026-01-29T01:07:33","modified_gmt":"2026-01-28T23:07:33","slug":"veste-en-laine-noire-fausse-fourrure-leopard-estelle-copy","status":"publish","type":"product","link":"https:\/\/maisoncleo.com\/fr\/shop\/veste-en-laine-noire-fausse-fourrure-leopard-estelle-copy\/","title":{"rendered":"Manteau en laine \u00e9paisse blanc cass\u00e9 fausse fourrure leopard Georges"},"content":{"rendered":"<p><span style=\"font-weight: 400;\">Manteau en laine \u00e9paisse blanc cass\u00e9 avec fausse fourrure l\u00e9opard. Fermeture par des boutons blanc cass\u00e9s sur le devant, manches longues, coupe large et droite, fausse fourrure l\u00e9opard sur le col.<\/span><\/p>\n<p><span style=\"font-weight: 400;\">100% laine tr\u00e8s \u00e9paisse et tr\u00e8s qualitative provenant d&rsquo;une maison de Haute-Couture.<\/span><\/p>\n<p>La mod\u00e8le mesure 170m et porte une taille 36.<\/p>\n","protected":false},"excerpt":{"rendered":"<p>Manteau en laine \u00e9paisse blanc cass\u00e9 avec fausse fourrure l\u00e9opard. Fermeture par des boutons blanc cass\u00e9s sur le devant, manches longues, coupe&hellip;<\/p>\n","protected":false},"featured_media":397949,"template":"","meta":[],"product_brand":[],"product_cat":[668,661,665],"product_tag":[],"class_list":{"0":"post-397933","1":"product","2":"type-product","3":"status-publish","4":"has-post-thumbnail","6":"product_cat-capsule","7":"product_cat-tout-voir","8":"product_cat-vestes-manteaux","10":"first","11":"instock","12":"taxable","13":"shipping-taxable","14":"purchasable","15":"product-type-variable"},"_links":{"self":[{"href":"https:\/\/maisoncleo.com\/fr\/wp-json\/wp\/v2\/product\/397933","targetHints":{"allow":["GET"]}}],"collection":[{"href":"https:\/\/maisoncleo.com\/fr\/wp-json\/wp\/v2\/product"}],"about":[{"href":"https:\/\/maisoncleo.com\/fr\/wp-json\/wp\/v2\/types\/product"}],"version-history":[{"count":1,"href":"https:\/\/maisoncleo.com\/fr\/wp-json\/wp\/v2\/product\/397933\/revisions"}],"predecessor-version":[{"id":397973,"href":"https:\/\/maisoncleo.com\/fr\/wp-json\/wp\/v2\/product\/397933\/revisions\/397973"}],"wp:featuredmedia":[{"embeddable":true,"href":"https:\/\/maisoncleo.com\/fr\/wp-json\/wp\/v2\/media\/397949"}],"wp:attachment":[{"href":"https:\/\/maisoncleo.com\/fr\/wp-json\/wp\/v2\/media?parent=397933"}],"wp:term":[{"taxonomy":"product_brand","embeddable":true,"href":"https:\/\/maisoncleo.com\/fr\/wp-json\/wp\/v2\/product_brand?post=397933"},{"taxonomy":"product_cat","embeddable":true,"href":"https:\/\/maisoncleo.com\/fr\/wp-json\/wp\/v2\/product_cat?post=397933"},{"taxonomy":"product_tag","embeddable":true,"href":"https:\/\/maisoncleo.com\/fr\/wp-json\/wp\/v2\/product_tag?post=397933"}],"curies":[{"name":"wp","href":"https:\/\/api.w.org\/{rel}","templated":true}]}}