{"id":397894,"date":"2026-01-20T16:03:48","date_gmt":"2026-01-20T14:03:48","guid":{"rendered":"https:\/\/maisoncleo.com\/?post_type=product&#038;p=397894"},"modified":"2026-02-01T16:39:56","modified_gmt":"2026-02-01T14:39:56","slug":"gilet-eugenie-en-maille-chenille-rouge-framboise-et-col-fausse-fourrure-copy","status":"publish","type":"product","link":"https:\/\/maisoncleo.com\/fr\/shop\/gilet-eugenie-en-maille-chenille-rouge-framboise-et-col-fausse-fourrure-copy\/","title":{"rendered":"Gilet Maddie en maille chenille rouge framboise"},"content":{"rendered":"<p><span style=\"font-weight: 400;\">Gilet en maille chenille rouge framboise, manches longues, boutons rouges grav\u00e9s \u00ab\u00a0MaisonCl\u00e9o\u00a0\u00bb fabriqu\u00e9s dans un atelier \u00e0 c\u00f4t\u00e9 de chez nous.<\/span><\/p>\n<p><span style=\"font-weight: 400;\">La mod\u00e8le mesure 1,70 m et porte une taille 36.<\/span><\/p>\n","protected":false},"excerpt":{"rendered":"<p>Gilet en maille chenille rouge framboise, manches longues, boutons rouges grav\u00e9s \u00ab\u00a0MaisonCl\u00e9o\u00a0\u00bb fabriqu\u00e9s dans un atelier \u00e0 c\u00f4t\u00e9 de chez nous. La&hellip;<\/p>\n","protected":false},"featured_media":397916,"template":"","meta":[],"product_brand":[],"product_cat":[683,668,661],"product_tag":[],"class_list":{"0":"post-397894","1":"product","2":"type-product","3":"status-publish","4":"has-post-thumbnail","6":"product_cat-cardigans","7":"product_cat-capsule","8":"product_cat-tout-voir","10":"first","11":"instock","12":"taxable","13":"shipping-taxable","14":"purchasable","15":"product-type-variable"},"_links":{"self":[{"href":"https:\/\/maisoncleo.com\/fr\/wp-json\/wp\/v2\/product\/397894","targetHints":{"allow":["GET"]}}],"collection":[{"href":"https:\/\/maisoncleo.com\/fr\/wp-json\/wp\/v2\/product"}],"about":[{"href":"https:\/\/maisoncleo.com\/fr\/wp-json\/wp\/v2\/types\/product"}],"version-history":[{"count":1,"href":"https:\/\/maisoncleo.com\/fr\/wp-json\/wp\/v2\/product\/397894\/revisions"}],"predecessor-version":[{"id":397924,"href":"https:\/\/maisoncleo.com\/fr\/wp-json\/wp\/v2\/product\/397894\/revisions\/397924"}],"wp:featuredmedia":[{"embeddable":true,"href":"https:\/\/maisoncleo.com\/fr\/wp-json\/wp\/v2\/media\/397916"}],"wp:attachment":[{"href":"https:\/\/maisoncleo.com\/fr\/wp-json\/wp\/v2\/media?parent=397894"}],"wp:term":[{"taxonomy":"product_brand","embeddable":true,"href":"https:\/\/maisoncleo.com\/fr\/wp-json\/wp\/v2\/product_brand?post=397894"},{"taxonomy":"product_cat","embeddable":true,"href":"https:\/\/maisoncleo.com\/fr\/wp-json\/wp\/v2\/product_cat?post=397894"},{"taxonomy":"product_tag","embeddable":true,"href":"https:\/\/maisoncleo.com\/fr\/wp-json\/wp\/v2\/product_tag?post=397894"}],"curies":[{"name":"wp","href":"https:\/\/api.w.org\/{rel}","templated":true}]}}