{"id":397872,"date":"2026-01-20T17:57:21","date_gmt":"2026-01-20T15:57:21","guid":{"rendered":"https:\/\/maisoncleo.com\/?post_type=product&#038;p=397872"},"modified":"2026-04-22T16:32:18","modified_gmt":"2026-04-22T14:32:18","slug":"pantalon-en-velours-a-fines-rayures-fines-marron-chocolat-avec-motifs-brodes-a-fleurs-beiges-meg-copy","status":"publish","type":"product","link":"https:\/\/maisoncleo.com\/fr\/shop\/pantalon-en-velours-a-fines-rayures-fines-marron-chocolat-avec-motifs-brodes-a-fleurs-beiges-meg-copy\/","title":{"rendered":"Pantalon \u00e9vas\u00e9 Meg motif tigre"},"content":{"rendered":"<p><span style=\"font-weight: 400;\">Pantalon \u00e9vas\u00e9, coupe cintr\u00e9e et flare dans le bas. Passants, fermeture sur le devant. Le pantalon belle fesses!<\/span><\/p>\n<p><span style=\"font-weight: 400;\">Longueur : 107 cm.<\/span><\/p>\n<p>Comme tout est fabriqu\u00e9 \u00e0 la commande, vous pouvez demander la longueur que vous souhaitez.<\/p>\n<p>Tissu jacquard en 100% coton.<\/p>\n<p>La mod\u00e8le mesure 170m et porte une taille S\/36.<\/p>\n","protected":false},"excerpt":{"rendered":"<p>Pantalon \u00e9vas\u00e9, coupe cintr\u00e9e et flare dans le bas. Passants, fermeture sur le devant. Le pantalon belle fesses! Longueur : 107 cm.&hellip;<\/p>\n","protected":false},"featured_media":397846,"template":"","meta":[],"product_brand":[],"product_cat":[668,675,661],"product_tag":[],"class_list":{"0":"post-397872","1":"product","2":"type-product","3":"status-publish","4":"has-post-thumbnail","6":"product_cat-capsule","7":"product_cat-pantalons-shorts","8":"product_cat-tout-voir","10":"first","11":"instock","12":"taxable","13":"shipping-taxable","14":"purchasable","15":"product-type-variable"},"_links":{"self":[{"href":"https:\/\/maisoncleo.com\/fr\/wp-json\/wp\/v2\/product\/397872","targetHints":{"allow":["GET"]}}],"collection":[{"href":"https:\/\/maisoncleo.com\/fr\/wp-json\/wp\/v2\/product"}],"about":[{"href":"https:\/\/maisoncleo.com\/fr\/wp-json\/wp\/v2\/types\/product"}],"version-history":[{"count":1,"href":"https:\/\/maisoncleo.com\/fr\/wp-json\/wp\/v2\/product\/397872\/revisions"}],"predecessor-version":[{"id":397886,"href":"https:\/\/maisoncleo.com\/fr\/wp-json\/wp\/v2\/product\/397872\/revisions\/397886"}],"wp:featuredmedia":[{"embeddable":true,"href":"https:\/\/maisoncleo.com\/fr\/wp-json\/wp\/v2\/media\/397846"}],"wp:attachment":[{"href":"https:\/\/maisoncleo.com\/fr\/wp-json\/wp\/v2\/media?parent=397872"}],"wp:term":[{"taxonomy":"product_brand","embeddable":true,"href":"https:\/\/maisoncleo.com\/fr\/wp-json\/wp\/v2\/product_brand?post=397872"},{"taxonomy":"product_cat","embeddable":true,"href":"https:\/\/maisoncleo.com\/fr\/wp-json\/wp\/v2\/product_cat?post=397872"},{"taxonomy":"product_tag","embeddable":true,"href":"https:\/\/maisoncleo.com\/fr\/wp-json\/wp\/v2\/product_tag?post=397872"}],"curies":[{"name":"wp","href":"https:\/\/api.w.org\/{rel}","templated":true}]}}