{"id":397753,"date":"2026-01-20T22:37:26","date_gmt":"2026-01-20T20:37:26","guid":{"rendered":"https:\/\/maisoncleo.com\/?post_type=product&#038;p=397753"},"modified":"2026-04-24T11:11:36","modified_gmt":"2026-04-24T09:11:36","slug":"soutien-gorge-en-dentelle-fleurie-rouge-bretelles-ecrues-petit-noeud-copy","status":"publish","type":"product","link":"https:\/\/maisoncleo.com\/fr\/shop\/soutien-gorge-en-dentelle-fleurie-rouge-bretelles-ecrues-petit-noeud-copy\/","title":{"rendered":"Soutien gorge en dentelle fleurie rose et rose \u00e9crue"},"content":{"rendered":"<p>Soutien gorge en dentelle fleurie rose et rose \u00e9crue sur le devant.<\/p>\n<p><span style=\"font-weight: 400;\">Elastiqu\u00e9 en dessous de la poitrine.<\/span><\/p>\n<p><span style=\"font-weight: 400;\">R\u00e9f\u00e9rez-vous \u00e0 notre grille de taille et \u00e0 la mesure de votre tour de poitrine pour savoir quelle taille choisir.<\/span><\/p>\n<p><span style=\"font-weight: 400;\">La mod\u00e8le mesure 1,70m et porte une taille 36.<\/span><\/p>\n","protected":false},"excerpt":{"rendered":"<p>Soutien gorge en dentelle fleurie rose et rose \u00e9crue sur le devant. Elastiqu\u00e9 en dessous de la poitrine. R\u00e9f\u00e9rez-vous \u00e0 notre grille&hellip;<\/p>\n","protected":false},"featured_media":397779,"template":"","meta":[],"product_brand":[],"product_cat":[668,962,661],"product_tag":[],"class_list":{"0":"post-397753","1":"product","2":"type-product","3":"status-publish","4":"has-post-thumbnail","6":"product_cat-capsule","7":"product_cat-sous-vetements-pyjama-selection","8":"product_cat-tout-voir","10":"first","11":"instock","12":"taxable","13":"shipping-taxable","14":"purchasable","15":"product-type-variable"},"_links":{"self":[{"href":"https:\/\/maisoncleo.com\/fr\/wp-json\/wp\/v2\/product\/397753","targetHints":{"allow":["GET"]}}],"collection":[{"href":"https:\/\/maisoncleo.com\/fr\/wp-json\/wp\/v2\/product"}],"about":[{"href":"https:\/\/maisoncleo.com\/fr\/wp-json\/wp\/v2\/types\/product"}],"version-history":[{"count":1,"href":"https:\/\/maisoncleo.com\/fr\/wp-json\/wp\/v2\/product\/397753\/revisions"}],"predecessor-version":[{"id":397787,"href":"https:\/\/maisoncleo.com\/fr\/wp-json\/wp\/v2\/product\/397753\/revisions\/397787"}],"wp:featuredmedia":[{"embeddable":true,"href":"https:\/\/maisoncleo.com\/fr\/wp-json\/wp\/v2\/media\/397779"}],"wp:attachment":[{"href":"https:\/\/maisoncleo.com\/fr\/wp-json\/wp\/v2\/media?parent=397753"}],"wp:term":[{"taxonomy":"product_brand","embeddable":true,"href":"https:\/\/maisoncleo.com\/fr\/wp-json\/wp\/v2\/product_brand?post=397753"},{"taxonomy":"product_cat","embeddable":true,"href":"https:\/\/maisoncleo.com\/fr\/wp-json\/wp\/v2\/product_cat?post=397753"},{"taxonomy":"product_tag","embeddable":true,"href":"https:\/\/maisoncleo.com\/fr\/wp-json\/wp\/v2\/product_tag?post=397753"}],"curies":[{"name":"wp","href":"https:\/\/api.w.org\/{rel}","templated":true}]}}