{"id":397709,"date":"2026-01-20T23:31:16","date_gmt":"2026-01-20T21:31:16","guid":{"rendered":"https:\/\/maisoncleo.com\/?post_type=product&#038;p=397709"},"modified":"2026-04-14T12:03:53","modified_gmt":"2026-04-14T10:03:53","slug":"la-badoule-look-24-robe-morane-en-mousseline-de-soie-vert-clair-fleurs-blanches-copy-2","status":"publish","type":"product","link":"https:\/\/maisoncleo.com\/fr\/shop\/la-badoule-look-24-robe-morane-en-mousseline-de-soie-vert-clair-fleurs-blanches-copy-2\/","title":{"rendered":"Robe MORANE en soie fleurie prune"},"content":{"rendered":"<p>Robe en soie fleurie prune.<\/p>\n<p>Manches courtes bouffantes \u00e9lastiques, d\u00e9collet\u00e9 montant se fermant avec un lien dans le haut du d\u00e9collet\u00e9, d\u00e9coupe au niveau de la poitrine. Coupe ajust\u00e9e et fluide. Fermeture \u00e9clair invisible sur le c\u00f4t\u00e9.<\/p>\n<p>100% soie.<\/p>\n<p>Longueur : 87 cm.<\/p>\n<p>La mod\u00e8le mesure 1m70 et porte une taille S\/36.<\/p>\n","protected":false},"excerpt":{"rendered":"<p>Robe en soie fleurie prune. Manches courtes bouffantes \u00e9lastiques, d\u00e9collet\u00e9 montant se fermant avec un lien dans le haut du d\u00e9collet\u00e9, d\u00e9coupe&hellip;<\/p>\n","protected":false},"featured_media":397737,"template":"","meta":[],"product_brand":[],"product_cat":[668,664,661],"product_tag":[],"class_list":{"0":"post-397709","1":"product","2":"type-product","3":"status-publish","4":"has-post-thumbnail","6":"product_cat-capsule","7":"product_cat-robes","8":"product_cat-tout-voir","10":"first","11":"instock","12":"taxable","13":"shipping-taxable","14":"purchasable","15":"product-type-variable"},"_links":{"self":[{"href":"https:\/\/maisoncleo.com\/fr\/wp-json\/wp\/v2\/product\/397709","targetHints":{"allow":["GET"]}}],"collection":[{"href":"https:\/\/maisoncleo.com\/fr\/wp-json\/wp\/v2\/product"}],"about":[{"href":"https:\/\/maisoncleo.com\/fr\/wp-json\/wp\/v2\/types\/product"}],"version-history":[{"count":1,"href":"https:\/\/maisoncleo.com\/fr\/wp-json\/wp\/v2\/product\/397709\/revisions"}],"predecessor-version":[{"id":397745,"href":"https:\/\/maisoncleo.com\/fr\/wp-json\/wp\/v2\/product\/397709\/revisions\/397745"}],"wp:featuredmedia":[{"embeddable":true,"href":"https:\/\/maisoncleo.com\/fr\/wp-json\/wp\/v2\/media\/397737"}],"wp:attachment":[{"href":"https:\/\/maisoncleo.com\/fr\/wp-json\/wp\/v2\/media?parent=397709"}],"wp:term":[{"taxonomy":"product_brand","embeddable":true,"href":"https:\/\/maisoncleo.com\/fr\/wp-json\/wp\/v2\/product_brand?post=397709"},{"taxonomy":"product_cat","embeddable":true,"href":"https:\/\/maisoncleo.com\/fr\/wp-json\/wp\/v2\/product_cat?post=397709"},{"taxonomy":"product_tag","embeddable":true,"href":"https:\/\/maisoncleo.com\/fr\/wp-json\/wp\/v2\/product_tag?post=397709"}],"curies":[{"name":"wp","href":"https:\/\/api.w.org\/{rel}","templated":true}]}}