{"id":397695,"date":"2026-01-21T00:24:18","date_gmt":"2026-01-20T22:24:18","guid":{"rendered":"https:\/\/maisoncleo.com\/?post_type=product&#038;p=397695"},"modified":"2026-04-30T09:20:21","modified_gmt":"2026-04-30T07:20:21","slug":"longue-jupe-evasee-en-soie-marron-chocolat-marieme","status":"publish","type":"product","link":"https:\/\/maisoncleo.com\/fr\/shop\/longue-jupe-evasee-en-soie-marron-chocolat-marieme\/","title":{"rendered":"Longue jupe \u00e9vas\u00e9e en soie marron chocolat Marieme"},"content":{"rendered":"<p>Longue jupe \u00e9vas\u00e9e en soie marron chocolat avec ceinture lien.<\/p>\n<p>Taille \u00e9lastiqu\u00e9e avec \u00e9lastique picot marron, ceinture fine \u00e0 nouer, quatre passants. Coupe \u00e9vas\u00e9e, longueur cheville. Tissu fluide et doux, 100% soie.<\/p>\n<p>Longueur : 97 cm.<\/p>\n<p>La mod\u00e8le mesure 170 cm et porte une taille 36.<\/p>\n","protected":false},"excerpt":{"rendered":"<p>Longue jupe \u00e9vas\u00e9e en soie marron chocolat avec ceinture lien. Taille \u00e9lastiqu\u00e9e avec \u00e9lastique picot marron, ceinture fine \u00e0 nouer, quatre passants.&hellip;<\/p>\n","protected":false},"featured_media":397640,"template":"","meta":[],"product_brand":[],"product_cat":[672,668,661],"product_tag":[],"class_list":{"0":"post-397695","1":"product","2":"type-product","3":"status-publish","4":"has-post-thumbnail","6":"product_cat-jupes","7":"product_cat-capsule","8":"product_cat-tout-voir","10":"first","11":"instock","12":"taxable","13":"shipping-taxable","14":"purchasable","15":"product-type-variable"},"_links":{"self":[{"href":"https:\/\/maisoncleo.com\/fr\/wp-json\/wp\/v2\/product\/397695","targetHints":{"allow":["GET"]}}],"collection":[{"href":"https:\/\/maisoncleo.com\/fr\/wp-json\/wp\/v2\/product"}],"about":[{"href":"https:\/\/maisoncleo.com\/fr\/wp-json\/wp\/v2\/types\/product"}],"version-history":[{"count":1,"href":"https:\/\/maisoncleo.com\/fr\/wp-json\/wp\/v2\/product\/397695\/revisions"}],"predecessor-version":[{"id":398007,"href":"https:\/\/maisoncleo.com\/fr\/wp-json\/wp\/v2\/product\/397695\/revisions\/398007"}],"wp:featuredmedia":[{"embeddable":true,"href":"https:\/\/maisoncleo.com\/fr\/wp-json\/wp\/v2\/media\/397640"}],"wp:attachment":[{"href":"https:\/\/maisoncleo.com\/fr\/wp-json\/wp\/v2\/media?parent=397695"}],"wp:term":[{"taxonomy":"product_brand","embeddable":true,"href":"https:\/\/maisoncleo.com\/fr\/wp-json\/wp\/v2\/product_brand?post=397695"},{"taxonomy":"product_cat","embeddable":true,"href":"https:\/\/maisoncleo.com\/fr\/wp-json\/wp\/v2\/product_cat?post=397695"},{"taxonomy":"product_tag","embeddable":true,"href":"https:\/\/maisoncleo.com\/fr\/wp-json\/wp\/v2\/product_tag?post=397695"}],"curies":[{"name":"wp","href":"https:\/\/api.w.org\/{rel}","templated":true}]}}