{"id":397551,"date":"2026-01-21T02:55:28","date_gmt":"2026-01-21T00:55:28","guid":{"rendered":"https:\/\/maisoncleo.com\/?post_type=product&#038;p=397551"},"modified":"2026-01-21T13:10:09","modified_gmt":"2026-01-21T11:10:09","slug":"2-en-1-robe-et-cardigan-mi-long-tricote-boutonne-a-rayures-multicolores-copy","status":"publish","type":"product","link":"https:\/\/maisoncleo.com\/fr\/shop\/2-en-1-robe-et-cardigan-mi-long-tricote-boutonne-a-rayures-multicolores-copy\/","title":{"rendered":"Gilet Eug\u00e9nie en maille chenille rouge framboise et col fausse fourrure"},"content":{"rendered":"<p><span style=\"font-weight: 400;\">Gilet en maille chenille rouge framboise et col fausse fourrure du m\u00eame ton, manches longues, boutons rouges grav\u00e9s \u00ab\u00a0MaisonCl\u00e9o\u00a0\u00bb fabriqu\u00e9s dans un atelier \u00e0 c\u00f4t\u00e9 de chez nous.<\/span><\/p>\n<p><span style=\"font-weight: 400;\">La mod\u00e8le mesure 1,70 m et porte une taille 36.<\/span><\/p>\n<p><span style=\"font-weight: 400;\">Comme tout est fabriqu\u00e9 \u00e0 la commande, vous pouvez demander la longueur que vous souhaitez.<\/span><\/p>\n","protected":false},"excerpt":{"rendered":"<p>Gilet en maille chenille rouge framboise et col fausse fourrure du m\u00eame ton, manches longues, boutons rouges grav\u00e9s \u00ab\u00a0MaisonCl\u00e9o\u00a0\u00bb fabriqu\u00e9s dans un&hellip;<\/p>\n","protected":false},"featured_media":397561,"template":"","meta":[],"product_brand":[],"product_cat":[683,666,668,661],"product_tag":[],"class_list":{"0":"post-397551","1":"product","2":"type-product","3":"status-publish","4":"has-post-thumbnail","6":"product_cat-cardigans","7":"product_cat-mailles","8":"product_cat-capsule","9":"product_cat-tout-voir","11":"first","12":"instock","13":"taxable","14":"shipping-taxable","15":"purchasable","16":"product-type-variable"},"_links":{"self":[{"href":"https:\/\/maisoncleo.com\/fr\/wp-json\/wp\/v2\/product\/397551","targetHints":{"allow":["GET"]}}],"collection":[{"href":"https:\/\/maisoncleo.com\/fr\/wp-json\/wp\/v2\/product"}],"about":[{"href":"https:\/\/maisoncleo.com\/fr\/wp-json\/wp\/v2\/types\/product"}],"version-history":[{"count":1,"href":"https:\/\/maisoncleo.com\/fr\/wp-json\/wp\/v2\/product\/397551\/revisions"}],"predecessor-version":[{"id":397590,"href":"https:\/\/maisoncleo.com\/fr\/wp-json\/wp\/v2\/product\/397551\/revisions\/397590"}],"wp:featuredmedia":[{"embeddable":true,"href":"https:\/\/maisoncleo.com\/fr\/wp-json\/wp\/v2\/media\/397561"}],"wp:attachment":[{"href":"https:\/\/maisoncleo.com\/fr\/wp-json\/wp\/v2\/media?parent=397551"}],"wp:term":[{"taxonomy":"product_brand","embeddable":true,"href":"https:\/\/maisoncleo.com\/fr\/wp-json\/wp\/v2\/product_brand?post=397551"},{"taxonomy":"product_cat","embeddable":true,"href":"https:\/\/maisoncleo.com\/fr\/wp-json\/wp\/v2\/product_cat?post=397551"},{"taxonomy":"product_tag","embeddable":true,"href":"https:\/\/maisoncleo.com\/fr\/wp-json\/wp\/v2\/product_tag?post=397551"}],"curies":[{"name":"wp","href":"https:\/\/api.w.org\/{rel}","templated":true}]}}